{"id":520,"date":"2023-04-05T12:17:08","date_gmt":"2023-04-05T10:17:08","guid":{"rendered":"https:\/\/wp.metratec.com\/?post_type=product&#038;p=520"},"modified":"2026-03-28T18:09:34","modified_gmt":"2026-03-28T17:09:34","slug":"qr15-hf-rfid-starter-kit","status":"publish","type":"product","link":"https:\/\/www.metratec.com\/de\/produkte\/rfid\/starter-kits\/qr15-hf-rfid-starter-kit\/","title":{"rendered":"QR15 HF RFID Starter-Kit"},"content":{"rendered":"\n<p>Die RFID-Technologie bietet OEM-Herstellern eine Vielzahl von n\u00fctzlichen und innovativen Zusatzfunktionen f\u00fcr ihre Produkte: Verifizierung von Verbrauchsmaterialien, automatische Benutzeridentifikation, Zugangskontrolle, Zertifizierung der Produktechtheit und vieles mehr. Diese und viele weitere Anwendungen lassen sich mit den von metraTec angebotenen RFID-Modulen einfach realisieren. Um Ihnen einen m\u00fchelosen Einstieg in diese neue Technologie zu erm\u00f6glichen, bieten wir Ihnen eine Vielzahl von Embedded Starter Kits an &#8211; eines f\u00fcr jeden Modultyp.<\/p>\n\n\n\n<p>Das QR15 Embedded RFID Starter Kit enth\u00e4lt die folgenden Komponenten:<\/p>\n\n\n\n<ul class=\"wp-block-list\">\n<li>QR15 RFID-Aufsteckmodul (ISO 15693 Protokoll)<\/li>\n\n\n\n<li>UDB-Auswertungsplatine<\/li>\n\n\n\n<li>10 RFID-Etiketten<\/li>\n\n\n\n<li>Dokumentation, Demo-Software, Treiber<\/li>\n\n\n\n<li>Kostenlose Eagle-Bibliothek mit Footprint f\u00fcr schnelle Integration<\/li>\n<\/ul>\n\n\n\n\t<div id=\"metratec-shop-block_83db52f3f4b0815ac26c69a1297eb57b\" class=\"block-metratec-shop has-max-width has-button-only\">\n\t\t\t\t\t<div id=\"product-component-block_83db52f3f4b0815ac26c69a1297eb57b\" class=\"shop-button-only\"><\/div>\n\t\t\t<\/div>\n\n\t<script type=\"text\/javascript\">\n\t\t\/*<![CDATA[*\/\n\t\t(function () {\n\t\t\tvar scriptURL = 'https:\/\/sdks.shopifycdn.com\/buy-button\/latest\/buy-button-storefront.min.js';\n\t\t\tif (window.ShopifyBuy) {\n\t\t\t\tif (window.ShopifyBuy.UI) {\n\t\t\t\t\tShopifyBuyInit();\n\t\t\t\t} else {\n\t\t\t\t\tloadScript();\n\t\t\t\t}\n\t\t\t} else {\n\t\t\t\tloadScript();\n\t\t\t}\n\n\t\t\tfunction loadScript() {\n\t\t\t\tvar script = document.createElement('script');\n\t\t\t\tscript.async = true;\n\t\t\t\tscript.src = scriptURL;\n\t\t\t\t(document.getElementsByTagName('head')[0] || document.getElementsByTagName('body')[0]).appendChild(script);\n\t\t\t\tscript.onload = ShopifyBuyInit;\n\t\t\t}\n\n\t\t\tfunction ShopifyBuyInit() {\n\t\t\t\tvar client = ShopifyBuy.buildClient({\n\t\t\t\t\tdomain: \"shop.metratec.com\",\n\t\t\t\t\tstorefrontAccessToken: \"d6b1d5712aad7c26adcf03f7569c7235\",\n\t\t\t\t});\n\t\t\t\tShopifyBuy.UI.onReady(client).then(function (ui) {\n\t\t\t\t\tui.createComponent('product', {\n\t\t\t\t\t\tid: \"15048216281428\",\n\t\t\t\t\t\tnode: document.getElementById('product-component-block_83db52f3f4b0815ac26c69a1297eb57b'),\n\t\t\t\t\t\tmoneyFormat: '%E2%82%AC%7B%7Bamount_with_comma_separator%7D%7D',\n\t\t\t\t\t\toptions: {\n\t\t\t\t\t\t\t\"product\": {\n\t\t\t\t\t\t\t\t\"iframe\": false,\n\t\t\t\t\t\t\t\t\"templates\": {\n\t\t\t\t\t\t\t\t\t\"title\": '<h2 class=\"{{data.classes.product.title}}\" data-element=\"product.title\">{{data.title}}<\/h2>',\n\t\t\t\t\t\t\t\t},\n\t\t\t\t\t\t\t\t\"text\": {\n\t\t\t\t\t\t\t\t\t\"button\": \"Produkt bestellen\",\n\t\t\t\t\t\t\t\t},\n\t\t\t\t\t\t\t\t\"contents\": {\n\t\t\t\t\t\t\t\t\t\t\t\t\t\t\t\t\t\t\"footer\": false,\n\t\t\t\t\t\t\t\t\t\"title\": false,\n\t\t\t\t\t\t\t\t\t\"price\": false,\n\t\t\t\t\t\t\t\t\t\"img\": false,\n\t\t\t\t\t\t\t\t\t\"options\": false,\n\t\t\t\t\t\t\t\t\t\"quantity\": false,\n\t\t\t\t\t\t\t\t\t\"button\": true,\n\t\t\t\t\t\t\t\t\t\t\t\t\t\t\t\t\t},\n\t\t\t\t\t\t\t},\n\t\t\t\t\t\t\t\"modalProduct\": {\n\t\t\t\t\t\t\t\t\"text\": {\n\t\t\t\t\t\t\t\t\t\"button\": \"Produkt bestellen\",\n\t\t\t\t\t\t\t\t},\n\t\t\t\t\t\t\t},\n\t\t\t\t\t\t\t\"cart\": {\n\t\t\t\t\t\t\t\t\"iframe\": false,\n\t\t\t\t\t\t\t\t\"text\": {\n\t\t\t\t\t\t\t\t\t\"title\": \"Warenkorb\",\n\t\t\t\t\t\t\t\t\t\"total\": \"Zwischensumme\",\n\t\t\t\t\t\t\t\t\t\"empty\": \"Der Warenkorb ist leer. \",\n\t\t\t\t\t\t\t\t\t\"notice\": \"Versandkosten und Steuern werden an der Kasse berechnet.\",\n\t\t\t\t\t\t\t\t\t\"button\": \"Zur Kasse\",\n\t\t\t\t\t\t\t\t\t\"noteDescription\": \"Notiz\",\n\t\t\t\t\t\t\t\t},\n\t\t\t\t\t\t\t},\n\t\t\t\t\t\t\t\"toggle\": {\n\t\t\t\t\t\t\t\t\"styles\": {\n\t\t\t\t\t\t\t\t\t\"toggle\": {\n\t\t\t\t\t\t\t\t\t\t\"font-weight\": \"bold\",\n\t\t\t\t\t\t\t\t\t\t\"background-color\": \"#353464\",\n\t\t\t\t\t\t\t\t\t\t\":hover\": {\n\t\t\t\t\t\t\t\t\t\t\t\"background-color\": \"#5F696D\",\n\t\t\t\t\t\t\t\t\t\t},\n\t\t\t\t\t\t\t\t\t\t\":focus\": {\n\t\t\t\t\t\t\t\t\t\t\t\"background-color\": \"#5F696D\",\n\t\t\t\t\t\t\t\t\t\t},\n\t\t\t\t\t\t\t\t\t},\n\t\t\t\t\t\t\t\t},\n\t\t\t\t\t\t\t},\n\t\t\t\t\t\t},\n\t\t\t\t\t});\n\t\t\t\t});\n\t\t\t}\n\t\t})();\n\t\t\/*]]]]><![CDATA[>*\/\n\t<\/script>\n\n\n\n\t<div id=\"metratec-related-products-block_3ce8923ac84c930ddf08b9738e2c9aff\" class=\"block-metratec-related-products\">\n\t\t<h2>Weitere Produkte<\/h2>\n\t\t<div class=\"related-products\">\n\t\t\t\t\t\t\t<div class=\"related-product\">\n\t\t\t\t\t<div class=\"product-image\">\n\t\t\t\t\t\t<a class=\"aspect-content has-image-hover\" href=\"https:\/\/www.metratec.com\/de\/produkte\/rfid\/rfid-oem-module\/qr15\/\">\n\t\t\t\t\t\t\t<img loading=\"lazy\" width=\"400\" height=\"400\" src=\"https:\/\/www.metratec.com\/media\/2023\/03\/QR15v2-400x400.png\" class=\"attachment-thumbnail size-thumbnail wp-post-image\" alt=\"QR15 Embedded RFID Module\" srcset=\"https:\/\/www.metratec.com\/media\/2023\/03\/QR15v2-400x400.png 400w, https:\/\/www.metratec.com\/media\/2023\/03\/QR15v2-800x800.png 800w, https:\/\/www.metratec.com\/media\/2023\/03\/QR15v2-1600x1600.png 1600w, https:\/\/www.metratec.com\/media\/2023\/03\/QR15v2.png 2024w\" sizes=\"auto, (max-width: 400px) 100vw, 400px\" decoding=\"async\" title=\"\">\t\t\t\t\t\t<\/a>\n\t\t\t\t\t<\/div>\n\t\t\t\t\t<h3 class=\"has-medium-font-size product-title\" >\n\t\t\t\t\t\t<a href=\"https:\/\/www.metratec.com\/de\/produkte\/rfid\/rfid-oem-module\/qr15\/\">QR15 HF RFID Aufsteckmodul<\/a>\n\t\t\t\t\t<\/h3>\n\t\t\t\t<\/div>\n\t\t\t\t\t<\/div>\n\t<\/div>\n","protected":false},"featured_media":2305,"parent":0,"menu_order":22,"template":"","product_family":[20,25],"specification":[],"class_list":["post-520","product","type-product","status-publish","has-post-thumbnail","hentry","product_family-rfid","product_family-starter-kits"],"acf":[],"_links":{"self":[{"href":"https:\/\/www.metratec.com\/de\/wp-json\/wp\/v2\/product\/520","targetHints":{"allow":["GET"]}}],"collection":[{"href":"https:\/\/www.metratec.com\/de\/wp-json\/wp\/v2\/product"}],"about":[{"href":"https:\/\/www.metratec.com\/de\/wp-json\/wp\/v2\/types\/product"}],"wp:featuredmedia":[{"embeddable":true,"href":"https:\/\/www.metratec.com\/de\/wp-json\/wp\/v2\/media\/2305"}],"wp:attachment":[{"href":"https:\/\/www.metratec.com\/de\/wp-json\/wp\/v2\/media?parent=520"}],"wp:term":[{"taxonomy":"product_family","embeddable":true,"href":"https:\/\/www.metratec.com\/de\/wp-json\/wp\/v2\/product_family?post=520"},{"taxonomy":"specification","embeddable":true,"href":"https:\/\/www.metratec.com\/de\/wp-json\/wp\/v2\/specification?post=520"}],"curies":[{"name":"wp","href":"https:\/\/api.w.org\/{rel}","templated":true}]}}