{"id":496,"date":"2023-04-04T17:51:13","date_gmt":"2023-04-04T15:51:13","guid":{"rendered":"https:\/\/wp.metratec.com\/?post_type=product&#038;p=496"},"modified":"2026-03-28T18:09:36","modified_gmt":"2026-03-28T17:09:36","slug":"rr15-hf-rfid-starter-kit","status":"publish","type":"product","link":"https:\/\/www.metratec.com\/de\/produkte\/rfid\/starter-kits\/rr15-hf-rfid-starter-kit\/","title":{"rendered":"RR15 HF RFID Starter-Kit"},"content":{"rendered":"\n<p>Die RFID-Technologie bietet OEM-Herstellern eine Vielzahl von n\u00fctzlichen und innovativen Zusatzfunktionen f\u00fcr ihre Produkte: Verifizierung von Verbrauchsmaterialien, automatische Benutzeridentifikation, Zugangskontrolle, Zertifizierung der Produktechtheit und vieles mehr. <\/p>\n\n\n\n<p>Diese und viele weitere Anwendungen lassen sich mit den von Metratec angebotenen RFID-Modulen einfach realisieren. Um Ihnen einen m\u00fchelosen Einstieg in diese aufregende neue Technologie zu erm\u00f6glichen, bieten wir verschiedene Embedded Starter Kits an &#8211; eines f\u00fcr jeden Modultyp.<\/p>\n\n\n\n<p>Das RR15 Embedded RFID Starter Kit enth\u00e4lt die folgenden Komponenten:<\/p>\n\n\n\n<ul class=\"wp-block-list\">\n<li>RR15 RFID OEM Modul (ISO 15693 Protokoll)<\/li>\n\n\n\n<li>USB zu UART Konverter<\/li>\n\n\n\n<li>RFID-Etiketten<\/li>\n\n\n\n<li>Dokumentation, Demo-Software, Treiber<\/li>\n<\/ul>\n","protected":false},"featured_media":2305,"parent":0,"menu_order":1,"template":"","product_family":[20,25],"specification":[],"class_list":["post-496","product","type-product","status-publish","has-post-thumbnail","hentry","product_family-rfid","product_family-starter-kits"],"acf":[],"_links":{"self":[{"href":"https:\/\/www.metratec.com\/de\/wp-json\/wp\/v2\/product\/496","targetHints":{"allow":["GET"]}}],"collection":[{"href":"https:\/\/www.metratec.com\/de\/wp-json\/wp\/v2\/product"}],"about":[{"href":"https:\/\/www.metratec.com\/de\/wp-json\/wp\/v2\/types\/product"}],"wp:featuredmedia":[{"embeddable":true,"href":"https:\/\/www.metratec.com\/de\/wp-json\/wp\/v2\/media\/2305"}],"wp:attachment":[{"href":"https:\/\/www.metratec.com\/de\/wp-json\/wp\/v2\/media?parent=496"}],"wp:term":[{"taxonomy":"product_family","embeddable":true,"href":"https:\/\/www.metratec.com\/de\/wp-json\/wp\/v2\/product_family?post=496"},{"taxonomy":"specification","embeddable":true,"href":"https:\/\/www.metratec.com\/de\/wp-json\/wp\/v2\/specification?post=496"}],"curies":[{"name":"wp","href":"https:\/\/api.w.org\/{rel}","templated":true}]}}