{"id":495,"date":"2023-04-04T17:49:49","date_gmt":"2023-04-04T15:49:49","guid":{"rendered":"https:\/\/wp.metratec.com\/?post_type=product&#038;p=495"},"modified":"2026-03-28T18:09:32","modified_gmt":"2026-03-28T17:09:32","slug":"dwarf15-hf-rfid-starter-kit","status":"publish","type":"product","link":"https:\/\/www.metratec.com\/de\/produkte\/rfid\/starter-kits\/dwarf15-hf-rfid-starter-kit\/","title":{"rendered":"Dwarf15 HF RFID Starter Kit"},"content":{"rendered":"\n<p>Die RFID-Technologie bietet OEM-Herstellern eine Vielzahl von n\u00fctzlichen und innovativen Zusatzfunktionen f\u00fcr ihre Produkte: Verifizierung von Verbrauchsmaterialien, automatische Benutzeridentifikation, Zugangskontrolle, Zertifizierung der Produktechtheit und vieles mehr.<\/p>\n\n\n\n<p>Diese und viele weitere Anwendungen lassen sich mit den von metraTec angebotenen RFID-Modulen einfach realisieren. Um Ihnen einen m\u00fchelosen Einstieg in diese aufregende neue Technologie zu erm\u00f6glichen, bieten wir verschiedene Embedded Starter Kits an &#8211; eines f\u00fcr jeden Modultyp.<\/p>\n\n\n\n<p>Das Dwarf15 Embedded RFID Starter Kit enth\u00e4lt die folgenden Komponenten:<\/p>\n\n\n\n<ul class=\"wp-block-list\">\n<li>Dwarf15 RFID SMD Modul (ISO 15693 Protokoll)<\/li>\n\n\n\n<li>UDB-Mini Adapterplatine<\/li>\n\n\n\n<li>TinyPCB OEM-Antenne<\/li>\n\n\n\n<li>RFID-Etiketten<\/li>\n\n\n\n<li>Dokumentation, Demo-Software, Treiber<\/li>\n\n\n\n<li>Kostenlose Eagle-Bibliothek mit Footprint f\u00fcr schnelle Integration<\/li>\n<\/ul>\n\n\n\n\t<div id=\"metratec-related-products-block_7a4a225c152efb2d9509cb94568dbc94\" class=\"block-metratec-related-products\">\n\t\t<h2>Weitere Produkte<\/h2>\n\t\t<div class=\"related-products\">\n\t\t\t\t\t\t\t<div class=\"related-product\">\n\t\t\t\t\t<div class=\"product-image\">\n\t\t\t\t\t\t<a class=\"aspect-content has-image-hover\" href=\"https:\/\/www.metratec.com\/de\/produkte\/rfid\/rfid-oem-module\/dwarf15\/\">\n\t\t\t\t\t\t\t<img loading=\"lazy\" width=\"400\" height=\"400\" src=\"https:\/\/www.metratec.com\/media\/2023\/03\/Dwarf15-400x400.png\" class=\"attachment-thumbnail size-thumbnail wp-post-image\" alt=\"Dwarf15 HF Embedded RFID SMD-Modul\" srcset=\"https:\/\/www.metratec.com\/media\/2023\/03\/Dwarf15-400x400.png 400w, https:\/\/www.metratec.com\/media\/2023\/03\/Dwarf15-800x800.png 800w, https:\/\/www.metratec.com\/media\/2023\/03\/Dwarf15-1600x1600.png 1600w, https:\/\/www.metratec.com\/media\/2023\/03\/Dwarf15.png 2024w\" sizes=\"auto, (max-width: 400px) 100vw, 400px\" decoding=\"async\" title=\"\">\t\t\t\t\t\t<\/a>\n\t\t\t\t\t<\/div>\n\t\t\t\t\t<h3 class=\"has-medium-font-size product-title\" >\n\t\t\t\t\t\t<a href=\"https:\/\/www.metratec.com\/de\/produkte\/rfid\/rfid-oem-module\/dwarf15\/\">Dwarf15 HF Embedded RFID SMD-Modul<\/a>\n\t\t\t\t\t<\/h3>\n\t\t\t\t<\/div>\n\t\t\t\t\t<\/div>\n\t<\/div>\n","protected":false},"featured_media":2305,"parent":0,"menu_order":11,"template":"","product_family":[20,25],"specification":[],"class_list":["post-495","product","type-product","status-publish","has-post-thumbnail","hentry","product_family-rfid","product_family-starter-kits"],"acf":[],"_links":{"self":[{"href":"https:\/\/www.metratec.com\/de\/wp-json\/wp\/v2\/product\/495","targetHints":{"allow":["GET"]}}],"collection":[{"href":"https:\/\/www.metratec.com\/de\/wp-json\/wp\/v2\/product"}],"about":[{"href":"https:\/\/www.metratec.com\/de\/wp-json\/wp\/v2\/types\/product"}],"wp:featuredmedia":[{"embeddable":true,"href":"https:\/\/www.metratec.com\/de\/wp-json\/wp\/v2\/media\/2305"}],"wp:attachment":[{"href":"https:\/\/www.metratec.com\/de\/wp-json\/wp\/v2\/media?parent=495"}],"wp:term":[{"taxonomy":"product_family","embeddable":true,"href":"https:\/\/www.metratec.com\/de\/wp-json\/wp\/v2\/product_family?post=495"},{"taxonomy":"specification","embeddable":true,"href":"https:\/\/www.metratec.com\/de\/wp-json\/wp\/v2\/specification?post=495"}],"curies":[{"name":"wp","href":"https:\/\/api.w.org\/{rel}","templated":true}]}}