{"id":3633,"date":"2023-05-13T15:35:34","date_gmt":"2023-05-13T13:35:34","guid":{"rendered":"https:\/\/wp.metratec.com\/products\/%product_family%\/uwb-beacon\/"},"modified":"2026-03-28T18:09:57","modified_gmt":"2026-03-28T17:09:57","slug":"uwb-beacon","status":"publish","type":"product","link":"https:\/\/www.metratec.com\/de\/produkte\/rtls\/uwb-ultrawideband\/uwb-beacon\/","title":{"rendered":"IPS+ UWB Beacon L"},"content":{"rendered":"\n<p>Der Metratec UWB Beacon ist die mobile Komponente eines Ultrabreitband-Lokalisierungssystems. Mit seinem wasserdichten IP65-Geh\u00e4use kann er an nahezu jedem Objekt angebracht werden, das mit hoher Pr\u00e4zision und Geschwindigkeit geortet werden muss.<\/p>\n\n\n\n<p>Typische Anwendungsf\u00e4lle f\u00fcr UWB-RTLS-Systeme sind die Verfolgung von Gabelstaplern in einem Lager und die Verfolgung von wiederverwendbaren Beh\u00e4ltern wie Containern und K\u00e4figen im Fertigungsprozess. Neben Anwendungen in der Logistik kann die Technologie auch in der Robotik eingesetzt werden, um herk\u00f6mmliche Bildverarbeitungs- oder LIDAR-basierte Positionierungsalgorithmen in Umgebungen zu unterst\u00fctzen, in denen die optische Verfolgung unzuverl\u00e4ssig ist.<\/p>\n\n\n\n<p>Dank der flexiblen Firmware k\u00f6nnen Sie je nach Ihren Anforderungen zwischen hohen Aktualisierungsraten oder langer Batterielebensdauer w\u00e4hlen. Die UWB-Bake wird von drei austauschbaren AAA-Batterien gespeist, die bei typischen Einsatzszenarien eine Batterielebensdauer von 3 bis 5 Jahren erm\u00f6glichen.<\/p>\n\n\n\n\n\t<div id=\"metratec-specifications-block_53784dd882e2d70a0ff25cd9c4b83875\" class=\"block-metratec-specifications\">\n\t\t<h2>Spezifikationen<\/h2>\n\t\t<figure class=\"wp-block-table product-specs has-small-font-size\">\n\t\t\t<table>\n\t\t\t\t<tbody>\n\t\t\t\t\t\t\t\t\t\t\t\t\t\t\t\t\t\t\t\t\n\t\t\t\t\t<tr class=\"product-spec\">\n\t\t\t\t\t\t<td class=\"has-width-30 product-spec\">Funktionsprinzip<\/td>\n\t\t\t\t\t\t<td class=\"has-width-70 product-value\">Ultrawideband (UWB) RTLS Positionierungs Beacon<\/td>\n\t\t\t\t\t<\/tr>\n\t\t\t\t\t\t\t\t\t\t\t\t\t\t\t\t\t\t\t\t\n\t\t\t\t\t<tr class=\"product-spec\">\n\t\t\t\t\t\t<td class=\"has-width-30 product-spec\">Frequenzband<\/td>\n\t\t\t\t\t\t<td class=\"has-width-70 product-value\">2.45 GHz und 6-7 GHz ISM band<\/td>\n\t\t\t\t\t<\/tr>\n\t\t\t\t\t\t\t\t\t\t\t\t\t\t\t\t\t\t\t\t\n\t\t\t\t\t<tr class=\"product-spec\">\n\t\t\t\t\t\t<td class=\"has-width-30 product-spec\">Ausgangsleistung<\/td>\n\t\t\t\t\t\t<td class=\"has-width-70 product-value\">max. 4 dBm (2.4 GHz) \/ -25 dBm (UWB)<\/td>\n\t\t\t\t\t<\/tr>\n\t\t\t\t\t\t\t\t\t\t\t\t\t\t\t\t\t\t\t\t\n\t\t\t\t\t<tr class=\"product-spec\">\n\t\t\t\t\t\t<td class=\"has-width-30 product-spec\">Kan\u00e4le<\/td>\n\t\t\t\t\t\t<td class=\"has-width-70 product-value\">11 &#8211; 26 unterst\u00fctzt (konfigurierbar)<\/td>\n\t\t\t\t\t<\/tr>\n\t\t\t\t\t\t\t\t\t\t\t\t\t\t\t\t\t\t\t\t\n\t\t\t\t\t<tr class=\"product-spec\">\n\t\t\t\t\t\t<td class=\"has-width-30 product-spec\">Lesereichweite<\/td>\n\t\t\t\t\t\t<td class=\"has-width-70 product-value\">bis zu 40 m<\/td>\n\t\t\t\t\t<\/tr>\n\t\t\t\t\t\t\t\t\t\t\t\t\t\t\t\t\t\t\t\t\n\t\t\t\t\t<tr class=\"product-spec\">\n\t\t\t\t\t\t<td class=\"has-width-30 product-spec\">Stromaufnahme<\/td>\n\t\t\t\t\t\t<td class=\"has-width-70 product-value\">3x AAA Batterien (bis zu 3+ Jahre Batterielaufzeit)<\/td>\n\t\t\t\t\t<\/tr>\n\t\t\t\t\t\t\t\t\t\t\t\t\t\t\t\t\t\t\t\t\n\t\t\t\t\t<tr class=\"product-spec\">\n\t\t\t\t\t\t<td class=\"has-width-30 product-spec\">Schutzklasse<\/td>\n\t\t\t\t\t\t<td class=\"has-width-70 product-value\">IP65<\/td>\n\t\t\t\t\t<\/tr>\n\t\t\t\t\t\t\t\t\t\t\t\t\t\t\t\t\t\t\t\t\n\t\t\t\t\t<tr class=\"product-spec\">\n\t\t\t\t\t\t<td class=\"has-width-30 product-spec\">Abmessungen<\/td>\n\t\t\t\t\t\t<td class=\"has-width-70 product-value\">90 x 60 x 45 mm<\/td>\n\t\t\t\t\t<\/tr>\n\t\t\t\t\t\t\t\t\t\t\t\t\t\t\t\t\t\t\t\t\n\t\t\t\t\t<tr class=\"product-spec\">\n\t\t\t\t\t\t<td class=\"has-width-30 product-spec\">Zulassungen<\/td>\n\t\t\t\t\t\t<td class=\"has-width-70 product-value\">CE (eg. ETSI EN 302 065-1, ETSI EN 300 440)<\/td>\n\t\t\t\t\t<\/tr>\n\t\t\t\t\t\t\t\t<\/tbody>\n\t\t\t<\/table>\n\t\t<\/figure>\n\t<\/div>\n\n\n\n\n\n\n\t<div id=\"metratec-download-list-block_8ec27c8ba20b04670c00f774f1c5e85b\" class=\"block-metratec-download-list\">\n\t\t\t\t<h2>Dokumentationen und Software<\/h2>\n\t\t<figure class=\"wp-block-table downloads-list has-small-font-size\">\n\t\t\t<table>\n\t\t\t\t<thead>\n\t\t\t\t\t<tr>\n\t\t\t\t\t\t<th>Download<\/th>\n\t\t\t\t\t\t<th class=\"has-text-align-center\">Version<\/th>\n\t\t\t\t\t\t<th class=\"has-text-align-center\">Gr\u00f6\u00dfe<\/th>\n\t\t\t\t\t<\/tr>\n\t\t\t\t<\/thead>\n\t\t\t\t<tbody>\n\n\t\t\t\t\t\t\t\t\t<tr class=\"download-item\">\n\t\t\t\t\t\t<td class=\"download-name\">\n\t\t\t\t\t\t\t<a class=\"direct-url\" href=\"https:\/\/www.metratec.com\/media\/2024\/03\/UWB-Beacon-L_short_v1-0.pdf\" download>\n\t\t\t\t\t\t\t\t<svg width=\"21\" height=\"48\" viewBox=\"0 0 21 48\" fill=\"none\" xmlns=\"http:\/\/www.w3.org\/2000\/svg\">\n\t\t\t\t\t\t\t\t\t<path d=\"M9.26848 10.3608V29.4569L2.23309 22.4215L0.625 24.0296L10.4745 33.8791L20.5251 24.0296L18.917 22.4215L11.6806 29.4569V10.3608H9.26848Z\" fill=\"black\"\/>\n\t\t\t\t\t\t\t\t\t<path d=\"M20.5251 34.8792H0.625V37.2913H20.5251V34.8792Z\" fill=\"black\"\/>\n\t\t\t\t\t\t\t\t<\/svg>\n\t\t\t\t\t\t\t<\/a>\n\t\t\t\t\t\t\t<a href=\"https:\/\/www.metratec.com\/de\/downloads\/datasheet-uwb-beacon-l\/\">\n\t\t\t\t\t\t\t\tDatenblatt UWB Beacon L\t\t\t\t\t\t\t<\/a>\n\t\t\t\t\t\t<\/td>\n\t\t\t\t\t\t<td class=\"download-version has-text-align-center\">1.0<\/td>\n\t\t\t\t\t\t<td class=\"download-size has-text-align-center\">166.73 KB<\/td>\n\t\t\t\t\t<\/tr>\n\t\t\t\t\t\t\t\t<\/tbody>\n\t\t\t<\/table>\n\t\t<\/figure>\n\t<\/div>\n\n\n\n\t<div id=\"metratec-related-products-block_7fc6997119d8f098c43f4cd3e8f8ca85\" class=\"block-metratec-related-products\">\n\t\t<h2>Weitere Produkte<\/h2>\n\t\t<div class=\"related-products\">\n\t\t\t\t\t\t\t<div class=\"related-product\">\n\t\t\t\t\t<div class=\"product-image\">\n\t\t\t\t\t\t<a class=\"aspect-content has-image-hover\" href=\"https:\/\/www.metratec.com\/de\/produkte\/rtls\/uwb-ultrawideband\/uwb-receiver\/\">\n\t\t\t\t\t\t\t<img loading=\"lazy\" width=\"400\" height=\"318\" src=\"https:\/\/www.metratec.com\/media\/2023\/04\/IPS-Receiver-400x318.png\" class=\"attachment-thumbnail size-thumbnail wp-post-image\" alt=\"IPS Empf\u00e4nger\" srcset=\"https:\/\/www.metratec.com\/media\/2023\/04\/IPS-Receiver-400x318.png 400w, https:\/\/www.metratec.com\/media\/2023\/04\/IPS-Receiver-800x637.png 800w, https:\/\/www.metratec.com\/media\/2023\/04\/IPS-Receiver-1600x1273.png 1600w, https:\/\/www.metratec.com\/media\/2023\/04\/IPS-Receiver.png 1989w\" sizes=\"auto, (max-width: 400px) 100vw, 400px\" decoding=\"async\" title=\"\">\t\t\t\t\t\t<\/a>\n\t\t\t\t\t<\/div>\n\t\t\t\t\t<h3 class=\"has-medium-font-size product-title\" >\n\t\t\t\t\t\t<a href=\"https:\/\/www.metratec.com\/de\/produkte\/rtls\/uwb-ultrawideband\/uwb-receiver\/\">UWB Receiver<\/a>\n\t\t\t\t\t<\/h3>\n\t\t\t\t<\/div>\n\t\t\t\t\t<\/div>\n\t<\/div>\n","protected":false},"featured_media":2328,"parent":0,"menu_order":10,"template":"","product_family":[28,63],"specification":[],"class_list":["post-3633","product","type-product","status-publish","has-post-thumbnail","hentry","product_family-rtls","product_family-uwb-ultrawideband"],"acf":[],"_links":{"self":[{"href":"https:\/\/www.metratec.com\/de\/wp-json\/wp\/v2\/product\/3633","targetHints":{"allow":["GET"]}}],"collection":[{"href":"https:\/\/www.metratec.com\/de\/wp-json\/wp\/v2\/product"}],"about":[{"href":"https:\/\/www.metratec.com\/de\/wp-json\/wp\/v2\/types\/product"}],"wp:featuredmedia":[{"embeddable":true,"href":"https:\/\/www.metratec.com\/de\/wp-json\/wp\/v2\/media\/2328"}],"wp:attachment":[{"href":"https:\/\/www.metratec.com\/de\/wp-json\/wp\/v2\/media?parent=3633"}],"wp:term":[{"taxonomy":"product_family","embeddable":true,"href":"https:\/\/www.metratec.com\/de\/wp-json\/wp\/v2\/product_family?post=3633"},{"taxonomy":"specification","embeddable":true,"href":"https:\/\/www.metratec.com\/de\/wp-json\/wp\/v2\/specification?post=3633"}],"curies":[{"name":"wp","href":"https:\/\/api.w.org\/{rel}","templated":true}]}}