{"id":3593,"date":"2023-04-14T14:47:21","date_gmt":"2023-04-14T12:47:21","guid":{"rendered":"https:\/\/wp.metratec.com\/products\/%product_family%\/beacon-r\/"},"modified":"2026-03-28T18:10:09","modified_gmt":"2026-03-28T17:10:09","slug":"beacon-r","status":"publish","type":"product","link":"https:\/\/www.metratec.com\/de\/produkte\/rtls\/indoor-positionierung\/beacon-r\/","title":{"rendered":"Beacon R"},"content":{"rendered":"\n<p>Der Beacon R ist die robusteste Version unserer Indoor-Ortungsbeacons f\u00fcr den Einsatz in besonders anspruchsvollen Situationen. Er erlaubt eine Echtzeit-Lokalisierung von Objekten auch in sehr dreckigen oder nassen Umgebungen. Das Geh\u00e4use besteht aus 5 mm faserverst\u00e4rktem Kunststoff und die Elektronik ist wasserdicht und sto\u00dffest vergossen. Das macht den Sender nahezu unverw\u00fcstlich. Die integrierte Batterie h\u00e4lt ca. 5 Jahre bei einem Signalintervall von 20 Sekunden.<\/p>\n\n\n\n<p>Der Beacon R kann u.a. in folgenden Bereichen eingesetzt werden<\/p>\n\n\n\n<ul class=\"wp-block-list\">\n<li>Lokalisierung von Fahrzeugen auf dem Betriebshof<\/li>\n\n\n\n<li>Lokalisierung von Produkten und unfertigen Erzeugnissen<\/li>\n\n\n\n<li>Anwesenheitserkennung von Mietobjekten<\/li>\n<\/ul>\n\n\n\n\n\t<div id=\"metratec-specifications-block_f4e391b0a0f9b19114d43cbe3aefc9ee\" class=\"block-metratec-specifications\">\n\t\t<h2>Spezifikationen<\/h2>\n\t\t<figure class=\"wp-block-table product-specs has-small-font-size\">\n\t\t\t<table>\n\t\t\t\t<tbody>\n\t\t\t\t\t\t\t\t\t\t\t\t\t\t\t\t\t\t\t\t\n\t\t\t\t\t<tr class=\"product-spec\">\n\t\t\t\t\t\t<td class=\"has-width-30 product-spec\">Funktionsprinzip<\/td>\n\t\t\t\t\t\t<td class=\"has-width-70 product-value\">Indoor Positioning Beacon<\/td>\n\t\t\t\t\t<\/tr>\n\t\t\t\t\t\t\t\t\t\t\t\t\t\t\t\t\t\t\t\t\n\t\t\t\t\t<tr class=\"product-spec\">\n\t\t\t\t\t\t<td class=\"has-width-30 product-spec\">Frequenzband<\/td>\n\t\t\t\t\t\t<td class=\"has-width-70 product-value\">2,45 GHz ISM-Band<\/td>\n\t\t\t\t\t<\/tr>\n\t\t\t\t\t\t\t\t\t\t\t\t\t\t\t\t\t\t\t\t\n\t\t\t\t\t<tr class=\"product-spec\">\n\t\t\t\t\t\t<td class=\"has-width-30 product-spec\">Ausgangsleistung<\/td>\n\t\t\t\t\t\t<td class=\"has-width-70 product-value\">max. 4 dBm<\/td>\n\t\t\t\t\t<\/tr>\n\t\t\t\t\t\t\t\t\t\t\t\t\t\t\t\t\t\t\t\t\n\t\t\t\t\t<tr class=\"product-spec\">\n\t\t\t\t\t\t<td class=\"has-width-30 product-spec\">Unterst\u00fctzte Protokolle<\/td>\n\t\t\t\t\t\t<td class=\"has-width-70 product-value\">IEEE 802.15.4<\/td>\n\t\t\t\t\t<\/tr>\n\t\t\t\t\t\t\t\t\t\t\t\t\t\t\t\t\t\t\t\t\n\t\t\t\t\t<tr class=\"product-spec\">\n\t\t\t\t\t\t<td class=\"has-width-30 product-spec\">Kan\u00e4le<\/td>\n\t\t\t\t\t\t<td class=\"has-width-70 product-value\">Kan\u00e4le 11 &#8211; 26 nutzbar<\/td>\n\t\t\t\t\t<\/tr>\n\t\t\t\t\t\t\t\t\t\t\t\t\t\t\t\t\t\t\t\t\n\t\t\t\t\t<tr class=\"product-spec\">\n\t\t\t\t\t\t<td class=\"has-width-30 product-spec\">Spannungsversorgung<\/td>\n\t\t\t\t\t\t<td class=\"has-width-70 product-value\">2477 Knopfzelle (vergossen)<\/td>\n\t\t\t\t\t<\/tr>\n\t\t\t\t\t\t\t\t\t\t\t\t\t\t\n\t\t\t\t\t<tr class=\"product-spec\">\n\t\t\t\t\t\t<td class=\"has-width-30 product-spec\">Sendeintervall<\/td>\n\t\t\t\t\t\t<td class=\"has-width-70 product-value\">1-600 Sekunden (konfiguierbar)<\/td>\n\t\t\t\t\t<\/tr>\n\t\t\t\t\t\t\t\t\t\t\t\t\t\t\t\t\t\t\t\t\n\t\t\t\t\t<tr class=\"product-spec\">\n\t\t\t\t\t\t<td class=\"has-width-30 product-spec\">Gewicht<\/td>\n\t\t\t\t\t\t<td class=\"has-width-70 product-value\">57 g<\/td>\n\t\t\t\t\t<\/tr>\n\t\t\t\t\t\t\t\t\t\t\t\t\t\t\t\t\t\t\t\t\n\t\t\t\t\t<tr class=\"product-spec\">\n\t\t\t\t\t\t<td class=\"has-width-30 product-spec\">Abmessungen<\/td>\n\t\t\t\t\t\t<td class=\"has-width-70 product-value\">80 x 40 x 20 mm<\/td>\n\t\t\t\t\t<\/tr>\n\t\t\t\t\t\t\t\t\t\t\t\t\t\t\t\t\t\t\t\t\n\t\t\t\t\t<tr class=\"product-spec\">\n\t\t\t\t\t\t<td class=\"has-width-30 product-spec\">Temperaturbereich<\/td>\n\t\t\t\t\t\t<td class=\"has-width-70 product-value\">-20\u00b0 to +60\u00b0C<\/td>\n\t\t\t\t\t<\/tr>\n\t\t\t\t\t\t\t\t\t\t\t\t\t\t\t\t\t\t\t\t\n\t\t\t\t\t<tr class=\"product-spec\">\n\t\t\t\t\t\t<td class=\"has-width-30 product-spec\">Zulassungen<\/td>\n\t\t\t\t\t\t<td class=\"has-width-70 product-value\">CE (z.B. EN 300 328, EN 300 440)<\/td>\n\t\t\t\t\t<\/tr>\n\t\t\t\t\t\t\t\t<\/tbody>\n\t\t\t<\/table>\n\t\t<\/figure>\n\t<\/div>\n\n\n\n\n\n\n\n\n\n\t<div id=\"metratec-related-products-block_9be7a072a7035e34a7f7a652efebfce0\" class=\"block-metratec-related-products\">\n\t\t<h2>Weitere Produkte<\/h2>\n\t\t<div class=\"related-products\">\n\t\t\t\t\t\t\t<div class=\"related-product\">\n\t\t\t\t\t<div class=\"product-image\">\n\t\t\t\t\t\t<a class=\"aspect-content has-image-hover\" href=\"https:\/\/www.metratec.com\/de\/produkte\/rtls\/indoor-positionierung\/ips-empfaenger\/\">\n\t\t\t\t\t\t\t<img loading=\"lazy\" width=\"400\" height=\"318\" src=\"https:\/\/www.metratec.com\/media\/2023\/04\/IPS-Receiver-400x318.png\" class=\"attachment-thumbnail size-thumbnail wp-post-image\" alt=\"IPS Empf\u00e4nger\" srcset=\"https:\/\/www.metratec.com\/media\/2023\/04\/IPS-Receiver-400x318.png 400w, https:\/\/www.metratec.com\/media\/2023\/04\/IPS-Receiver-800x637.png 800w, https:\/\/www.metratec.com\/media\/2023\/04\/IPS-Receiver-1600x1273.png 1600w, https:\/\/www.metratec.com\/media\/2023\/04\/IPS-Receiver.png 1989w\" sizes=\"auto, (max-width: 400px) 100vw, 400px\" decoding=\"async\" title=\"\">\t\t\t\t\t\t<\/a>\n\t\t\t\t\t<\/div>\n\t\t\t\t\t<h3 class=\"has-medium-font-size product-title\" >\n\t\t\t\t\t\t<a href=\"https:\/\/www.metratec.com\/de\/produkte\/rtls\/indoor-positionierung\/ips-empfaenger\/\">IPS Empf\u00e4nger<\/a>\n\t\t\t\t\t<\/h3>\n\t\t\t\t<\/div>\n\t\t\t\t\t\t\t<div class=\"related-product\">\n\t\t\t\t\t<div class=\"product-image\">\n\t\t\t\t\t\t<a class=\"aspect-content has-image-hover\" href=\"https:\/\/www.metratec.com\/de\/produkte\/rtls\/indoor-positionierung\/beacon-l\/\">\n\t\t\t\t\t\t\t<img loading=\"lazy\" width=\"400\" height=\"400\" src=\"https:\/\/www.metratec.com\/media\/2023\/04\/BeaconL-IP65-400x400.png\" class=\"attachment-thumbnail size-thumbnail wp-post-image\" alt=\"Beacon L\" srcset=\"https:\/\/www.metratec.com\/media\/2023\/04\/BeaconL-IP65-400x400.png 400w, https:\/\/www.metratec.com\/media\/2023\/04\/BeaconL-IP65-800x800.png 800w, https:\/\/www.metratec.com\/media\/2023\/04\/BeaconL-IP65-1600x1600.png 1600w, https:\/\/www.metratec.com\/media\/2023\/04\/BeaconL-IP65.png 2024w\" sizes=\"auto, (max-width: 400px) 100vw, 400px\" decoding=\"async\" title=\"\">\t\t\t\t\t\t<\/a>\n\t\t\t\t\t<\/div>\n\t\t\t\t\t<h3 class=\"has-medium-font-size product-title\" >\n\t\t\t\t\t\t<a href=\"https:\/\/www.metratec.com\/de\/produkte\/rtls\/indoor-positionierung\/beacon-l\/\">Beacon L<\/a>\n\t\t\t\t\t<\/h3>\n\t\t\t\t<\/div>\n\t\t\t\t\t\t\t<div class=\"related-product\">\n\t\t\t\t\t<div class=\"product-image\">\n\t\t\t\t\t\t<a class=\"aspect-content has-image-hover\" href=\"https:\/\/www.metratec.com\/de\/produkte\/rtls\/indoor-positionierung\/beacon-b\/\">\n\t\t\t\t\t\t\t<img loading=\"lazy\" width=\"400\" height=\"295\" src=\"https:\/\/www.metratec.com\/media\/2023\/04\/BeaconB-400x295.png\" class=\"attachment-thumbnail size-thumbnail wp-post-image\" alt=\"Beacon B\" srcset=\"https:\/\/www.metratec.com\/media\/2023\/04\/BeaconB-400x295.png 400w, https:\/\/www.metratec.com\/media\/2023\/04\/BeaconB-800x591.png 800w, https:\/\/www.metratec.com\/media\/2023\/04\/BeaconB-1600x1181.png 1600w, https:\/\/www.metratec.com\/media\/2023\/04\/BeaconB.png 2024w\" sizes=\"auto, (max-width: 400px) 100vw, 400px\" decoding=\"async\" title=\"\">\t\t\t\t\t\t<\/a>\n\t\t\t\t\t<\/div>\n\t\t\t\t\t<h3 class=\"has-medium-font-size product-title\" >\n\t\t\t\t\t\t<a href=\"https:\/\/www.metratec.com\/de\/produkte\/rtls\/indoor-positionierung\/beacon-b\/\">Beacon B<\/a>\n\t\t\t\t\t<\/h3>\n\t\t\t\t<\/div>\n\t\t\t\t\t<\/div>\n\t<\/div>\n","protected":false},"featured_media":2300,"parent":0,"menu_order":21,"template":"","product_family":[28,62],"specification":[],"class_list":["post-3593","product","type-product","status-publish","has-post-thumbnail","hentry","product_family-rtls","product_family-indoor-positionierung"],"acf":[],"_links":{"self":[{"href":"https:\/\/www.metratec.com\/de\/wp-json\/wp\/v2\/product\/3593","targetHints":{"allow":["GET"]}}],"collection":[{"href":"https:\/\/www.metratec.com\/de\/wp-json\/wp\/v2\/product"}],"about":[{"href":"https:\/\/www.metratec.com\/de\/wp-json\/wp\/v2\/types\/product"}],"wp:featuredmedia":[{"embeddable":true,"href":"https:\/\/www.metratec.com\/de\/wp-json\/wp\/v2\/media\/2300"}],"wp:attachment":[{"href":"https:\/\/www.metratec.com\/de\/wp-json\/wp\/v2\/media?parent=3593"}],"wp:term":[{"taxonomy":"product_family","embeddable":true,"href":"https:\/\/www.metratec.com\/de\/wp-json\/wp\/v2\/product_family?post=3593"},{"taxonomy":"specification","embeddable":true,"href":"https:\/\/www.metratec.com\/de\/wp-json\/wp\/v2\/specification?post=3593"}],"curies":[{"name":"wp","href":"https:\/\/api.w.org\/{rel}","templated":true}]}}