{"id":3426,"date":"2023-04-08T11:53:15","date_gmt":"2023-04-08T09:53:15","guid":{"rendered":"https:\/\/wp.metratec.com\/products\/%product_family%\/um14-hf-mifare-embedded-module\/"},"modified":"2023-07-08T14:44:28","modified_gmt":"2023-07-08T12:44:28","slug":"um14","status":"publish","type":"product","link":"https:\/\/www.metratec.com\/de\/produkte\/rfid\/rfid-oem-module\/um14\/","title":{"rendered":"UM14 Embedded RFID Mifare Modul"},"content":{"rendered":"\n<p>Sie suchen ein komplettes RFID-Modul mit MIFARE<sup>\u00ae<\/sup>-Technologie und interner Antenne zur Integration in Ihr eigenes Ger\u00e4t? Haben Sie eine USB-Schnittstelle an Ihrem Host-System? Dann ist das UM14 RFID-Modul das perfekte Produkt f\u00fcr Sie.<\/p>\n\n\n\n<p>Das kreditkartengro\u00dfe Modul kommuniziert \u00fcber USB mit dem Host und wird zus\u00e4tzlich mit 5V DC versorgt. Mit der integrierten Antenne ist eine Lesereichweite von bis zu 50 mm m\u00f6glich, abh\u00e4ngig vom Tag-Typ und seiner Gr\u00f6\u00dfe. Befestigungsl\u00f6cher erm\u00f6glichen eine einfache Installation in den meisten Situationen. Das Ger\u00e4t liest und schreibt mit den MIFARE-Protokollen MIFARE<sup>\u00ae<\/sup> Classic und MIFARE Ultralight<sup>\u00ae<\/sup>.<\/p>\n\n\n\n<p>Die kostenlose Windows-Demosoftware erm\u00f6glicht es Ihnen, alle Funktionen des Leseger\u00e4ts schnell zu testen. Wenn Sie ein fertiges Produkt mit diesen Eigenschaften suchen, ist der DeskID MF das richtige Ger\u00e4t f\u00fcr Sie.<\/p>\n\n\n\n\n\t<div id=\"metratec-specifications-block_2a61b2ca8d592eeb38dd12ac0f2dbd89\" class=\"block-metratec-specifications\">\n\t\t<h2>Spezifikationen<\/h2>\n\t\t<figure class=\"wp-block-table product-specs has-small-font-size\">\n\t\t\t<table>\n\t\t\t\t<tbody>\n\t\t\t\t\t\t\t\t\t\t\t\t\t\t\t\t\t\t\t\t\n\t\t\t\t\t<tr class=\"product-spec\">\n\t\t\t\t\t\t<td class=\"has-width-30 product-spec\">Funktionsprinzip<\/td>\n\t\t\t\t\t\t<td class=\"has-width-70 product-value\">ISO14443A\/Mifare Embedded RFID Modul<\/td>\n\t\t\t\t\t<\/tr>\n\t\t\t\t\t\t\t\t\t\t\t\t\t\t\t\t\t\t\t\t\n\t\t\t\t\t<tr class=\"product-spec\">\n\t\t\t\t\t\t<td class=\"has-width-30 product-spec\">Frequenzband<\/td>\n\t\t\t\t\t\t<td class=\"has-width-70 product-value\">13,56 MHz (weltweit einsetzbar)<\/td>\n\t\t\t\t\t<\/tr>\n\t\t\t\t\t\t\t\t\t\t\t\t\t\t\t\t\t\t\t\t\n\t\t\t\t\t<tr class=\"product-spec\">\n\t\t\t\t\t\t<td class=\"has-width-30 product-spec\">Antennenanschluss<\/td>\n\t\t\t\t\t\t<td class=\"has-width-70 product-value\">60 x 90 mm integrierte Antenne<\/td>\n\t\t\t\t\t<\/tr>\n\t\t\t\t\t\t\t\t\t\t\t\t\t\t\t\t\t\t\t\t\n\t\t\t\t\t<tr class=\"product-spec\">\n\t\t\t\t\t\t<td class=\"has-width-30 product-spec\">Ausgangsleistung<\/td>\n\t\t\t\t\t\t<td class=\"has-width-70 product-value\">250 mW<\/td>\n\t\t\t\t\t<\/tr>\n\t\t\t\t\t\t\t\t\t\t\t\t\t\t\t\t\t\t\t\t\n\t\t\t\t\t<tr class=\"product-spec\">\n\t\t\t\t\t\t<td class=\"has-width-30 product-spec\">Lesereichweite<\/td>\n\t\t\t\t\t\t<td class=\"has-width-70 product-value\">bis zu 50 mm<\/td>\n\t\t\t\t\t<\/tr>\n\t\t\t\t\t\t\t\t\t\t\t\t\t\t\t\t\t\t\t\t\n\t\t\t\t\t<tr class=\"product-spec\">\n\t\t\t\t\t\t<td class=\"has-width-30 product-spec\">Unterst\u00fctzte Protokolle<\/td>\n\t\t\t\t\t\t<td class=\"has-width-70 product-value\">ISO14443A (nur ID), Mifare Classic, Mifare Ultralight<\/td>\n\t\t\t\t\t<\/tr>\n\t\t\t\t\t\t\t\t\t\t\t\t\t\t\t\t\t\t\t\t\n\t\t\t\t\t<tr class=\"product-spec\">\n\t\t\t\t\t\t<td class=\"has-width-30 product-spec\">Konnektivit\u00e4t<\/td>\n\t\t\t\t\t\t<td class=\"has-width-70 product-value\">Mini USB (virtueller COM Port)<\/td>\n\t\t\t\t\t<\/tr>\n\t\t\t\t\t\t\t\t\t\t\t\t\t\t\t\t\t\t\t\t\n\t\t\t\t\t<tr class=\"product-spec\">\n\t\t\t\t\t\t<td class=\"has-width-30 product-spec\">Spannungsversorgung<\/td>\n\t\t\t\t\t\t<td class=\"has-width-70 product-value\">5V DC via USB<\/td>\n\t\t\t\t\t<\/tr>\n\t\t\t\t\t\t\t\t\t\t\t\t\t\t\t\t\t\t\t\t\n\t\t\t\t\t<tr class=\"product-spec\">\n\t\t\t\t\t\t<td class=\"has-width-30 product-spec\">Stromaufnahme<\/td>\n\t\t\t\t\t\t<td class=\"has-width-70 product-value\">idle: 15 mA, RF aktiv: max. 120 mA<\/td>\n\t\t\t\t\t<\/tr>\n\t\t\t\t\t\t\t\t\t\t\t\t\t\t\t\t\t\t\t\t\n\t\t\t\t\t<tr class=\"product-spec\">\n\t\t\t\t\t\t<td class=\"has-width-30 product-spec\">Temperaturbereich<\/td>\n\t\t\t\t\t\t<td class=\"has-width-70 product-value\">-20 \u00b0C bis +70 \u00b0C<\/td>\n\t\t\t\t\t<\/tr>\n\t\t\t\t\t\t\t\t\t\t\t\t\t\t\t\t\t\t\t\t\n\t\t\t\t\t<tr class=\"product-spec\">\n\t\t\t\t\t\t<td class=\"has-width-30 product-spec\">Abmessungen<\/td>\n\t\t\t\t\t\t<td class=\"has-width-70 product-value\">60 x 90 x6 mm<\/td>\n\t\t\t\t\t<\/tr>\n\t\t\t\t\t\t\t\t<\/tbody>\n\t\t\t<\/table>\n\t\t<\/figure>\n\t<\/div>\n\n\n\n\n\n\n\t<div id=\"metratec-download-list-block_406be5722e5937de5dfbe0030443ff99\" class=\"block-metratec-download-list\">\n\t\t\t\t<h2>Dokumentationen und Software<\/h2>\n\t\t<figure class=\"wp-block-table downloads-list has-small-font-size\">\n\t\t\t<table>\n\t\t\t\t<thead>\n\t\t\t\t\t<tr>\n\t\t\t\t\t\t<th>Download<\/th>\n\t\t\t\t\t\t<th class=\"has-text-align-center\">Version<\/th>\n\t\t\t\t\t\t<th class=\"has-text-align-center\">Gr\u00f6\u00dfe<\/th>\n\t\t\t\t\t<\/tr>\n\t\t\t\t<\/thead>\n\t\t\t\t<tbody>\n\n\t\t\t\t\t\t\t\t\t<tr class=\"download-item\">\n\t\t\t\t\t\t<td class=\"download-name\">\n\t\t\t\t\t\t\t<a class=\"direct-url\" href=\"https:\/\/www.metratec.com\/media\/2023\/06\/Docu_UM14_v1-5.pdf\" download>\n\t\t\t\t\t\t\t\t<svg width=\"21\" height=\"48\" viewBox=\"0 0 21 48\" fill=\"none\" xmlns=\"http:\/\/www.w3.org\/2000\/svg\">\n\t\t\t\t\t\t\t\t\t<path d=\"M9.26848 10.3608V29.4569L2.23309 22.4215L0.625 24.0296L10.4745 33.8791L20.5251 24.0296L18.917 22.4215L11.6806 29.4569V10.3608H9.26848Z\" fill=\"black\"\/>\n\t\t\t\t\t\t\t\t\t<path d=\"M20.5251 34.8792H0.625V37.2913H20.5251V34.8792Z\" fill=\"black\"\/>\n\t\t\t\t\t\t\t\t<\/svg>\n\t\t\t\t\t\t\t<\/a>\n\t\t\t\t\t\t\t<a href=\"https:\/\/www.metratec.com\/de\/downloads\/datasheet-um14\/\">\n\t\t\t\t\t\t\t\tDatasheet UM14\t\t\t\t\t\t\t<\/a>\n\t\t\t\t\t\t<\/td>\n\t\t\t\t\t\t<td class=\"download-version has-text-align-center\">1.5<\/td>\n\t\t\t\t\t\t<td class=\"download-size has-text-align-center\">218.67 KB<\/td>\n\t\t\t\t\t<\/tr>\n\t\t\t\t\t\t\t\t\t<tr class=\"download-item\">\n\t\t\t\t\t\t<td class=\"download-name\">\n\t\t\t\t\t\t\t<a class=\"direct-url\" href=\"https:\/\/www.metratec.com\/media\/2023\/04\/ReaderControlMF_r1-3.zip\" download>\n\t\t\t\t\t\t\t\t<svg width=\"21\" height=\"48\" viewBox=\"0 0 21 48\" fill=\"none\" xmlns=\"http:\/\/www.w3.org\/2000\/svg\">\n\t\t\t\t\t\t\t\t\t<path d=\"M9.26848 10.3608V29.4569L2.23309 22.4215L0.625 24.0296L10.4745 33.8791L20.5251 24.0296L18.917 22.4215L11.6806 29.4569V10.3608H9.26848Z\" fill=\"black\"\/>\n\t\t\t\t\t\t\t\t\t<path d=\"M20.5251 34.8792H0.625V37.2913H20.5251V34.8792Z\" fill=\"black\"\/>\n\t\t\t\t\t\t\t\t<\/svg>\n\t\t\t\t\t\t\t<\/a>\n\t\t\t\t\t\t\t<a href=\"https:\/\/www.metratec.com\/de\/downloads\/reader-control-mf-demo-tool-windows\/\">\n\t\t\t\t\t\t\t\tReader Control MF Demo Tool (Windows)\t\t\t\t\t\t\t<\/a>\n\t\t\t\t\t\t<\/td>\n\t\t\t\t\t\t<td class=\"download-version has-text-align-center\">1.3<\/td>\n\t\t\t\t\t\t<td class=\"download-size has-text-align-center\">14.27 KB<\/td>\n\t\t\t\t\t<\/tr>\n\t\t\t\t\t\t\t\t\t<tr class=\"download-item\">\n\t\t\t\t\t\t<td class=\"download-name\">\n\t\t\t\t\t\t\t<a class=\"direct-url\" href=\"https:\/\/www.metratec.com\/media\/2023\/06\/metraTec_MiFare_Protocol-Guide_2_3.pdf\" download>\n\t\t\t\t\t\t\t\t<svg width=\"21\" height=\"48\" viewBox=\"0 0 21 48\" fill=\"none\" xmlns=\"http:\/\/www.w3.org\/2000\/svg\">\n\t\t\t\t\t\t\t\t\t<path d=\"M9.26848 10.3608V29.4569L2.23309 22.4215L0.625 24.0296L10.4745 33.8791L20.5251 24.0296L18.917 22.4215L11.6806 29.4569V10.3608H9.26848Z\" fill=\"black\"\/>\n\t\t\t\t\t\t\t\t\t<path d=\"M20.5251 34.8792H0.625V37.2913H20.5251V34.8792Z\" fill=\"black\"\/>\n\t\t\t\t\t\t\t\t<\/svg>\n\t\t\t\t\t\t\t<\/a>\n\t\t\t\t\t\t\t<a href=\"https:\/\/www.metratec.com\/de\/downloads\/metratec-mifare-protocol-guide\/\">\n\t\t\t\t\t\t\t\tMetratec Mifare Protocol Guide\t\t\t\t\t\t\t<\/a>\n\t\t\t\t\t\t<\/td>\n\t\t\t\t\t\t<td class=\"download-version has-text-align-center\">2.3<\/td>\n\t\t\t\t\t\t<td class=\"download-size has-text-align-center\">483.75 KB<\/td>\n\t\t\t\t\t<\/tr>\n\t\t\t\t\t\t\t\t<\/tbody>\n\t\t\t<\/table>\n\t\t<\/figure>\n\t<\/div>\n\n\n\n\t<div id=\"metratec-related-products-block_42ea6253f1ddf704f63cb8144a6ac0ed\" class=\"block-metratec-related-products\">\n\t\t<h2>Weitere Produkte<\/h2>\n\t\t<div class=\"related-products\">\n\t\t\t\t\t\t\t<div class=\"related-product\">\n\t\t\t\t\t<div class=\"product-image\">\n\t\t\t\t\t\t<a class=\"aspect-content has-image-hover\" href=\"https:\/\/www.metratec.com\/de\/produkte\/rfid\/deskid-mf\/\">\n\t\t\t\t\t\t\t<img loading=\"lazy\" width=\"400\" height=\"315\" src=\"https:\/\/www.metratec.com\/media\/2023\/04\/DeskID-400x315.png\" class=\"attachment-thumbnail size-thumbnail wp-post-image\" alt=\"DeskID RFID Reader\" srcset=\"https:\/\/www.metratec.com\/media\/2023\/04\/DeskID-400x315.png 400w, https:\/\/www.metratec.com\/media\/2023\/04\/DeskID-800x630.png 800w, https:\/\/www.metratec.com\/media\/2023\/04\/DeskID-1600x1259.png 1600w, https:\/\/www.metratec.com\/media\/2023\/04\/DeskID.png 2024w\" sizes=\"auto, (max-width: 400px) 100vw, 400px\" decoding=\"async\" title=\"\">\t\t\t\t\t\t<\/a>\n\t\t\t\t\t<\/div>\n\t\t\t\t\t<h3 class=\"has-medium-font-size product-title\" >\n\t\t\t\t\t\t<a href=\"https:\/\/www.metratec.com\/de\/produkte\/rfid\/deskid-mf\/\">DeskID MF USB Lese-\/Schreibger\u00e4t<\/a>\n\t\t\t\t\t<\/h3>\n\t\t\t\t<\/div>\n\t\t\t\t\t<\/div>\n\t<\/div>\n","protected":false},"featured_media":1760,"parent":0,"menu_order":8,"template":"","product_family":[20,45],"specification":[],"class_list":["post-3426","product","type-product","status-publish","has-post-thumbnail","hentry","product_family-rfid","product_family-rfid-oem-module"],"acf":[],"_links":{"self":[{"href":"https:\/\/www.metratec.com\/de\/wp-json\/wp\/v2\/product\/3426","targetHints":{"allow":["GET"]}}],"collection":[{"href":"https:\/\/www.metratec.com\/de\/wp-json\/wp\/v2\/product"}],"about":[{"href":"https:\/\/www.metratec.com\/de\/wp-json\/wp\/v2\/types\/product"}],"wp:featuredmedia":[{"embeddable":true,"href":"https:\/\/www.metratec.com\/de\/wp-json\/wp\/v2\/media\/1760"}],"wp:attachment":[{"href":"https:\/\/www.metratec.com\/de\/wp-json\/wp\/v2\/media?parent=3426"}],"wp:term":[{"taxonomy":"product_family","embeddable":true,"href":"https:\/\/www.metratec.com\/de\/wp-json\/wp\/v2\/product_family?post=3426"},{"taxonomy":"specification","embeddable":true,"href":"https:\/\/www.metratec.com\/de\/wp-json\/wp\/v2\/specification?post=3426"}],"curies":[{"name":"wp","href":"https:\/\/api.w.org\/{rel}","templated":true}]}}