{"id":187,"date":"2023-03-03T16:17:49","date_gmt":"2023-03-03T15:17:49","guid":{"rendered":"https:\/\/wp.metratec.com\/?post_type=product&#038;p=187"},"modified":"2026-03-28T18:08:07","modified_gmt":"2026-03-28T17:08:07","slug":"pulsarmx","status":"publish","type":"product","link":"https:\/\/www.metratec.com\/de\/produkte\/rfid\/rfid-reader\/pulsarmx\/","title":{"rendered":"PulsarMX UHF RFID Mid-Range Reader\/Writer"},"content":{"rendered":"\n<p>Der PulsarMX ist ein UHF RFID Reader f\u00fcr Anwendungen mit mittleren Lesereichweiten zwischen 2 und 5 m und bis zu 100 Transpondern gleichzeitig im Feld. Dadurch eignet sich der Reader f\u00fcr den Einsatz in der Beh\u00e4lter-Verfolgung, zum Auslesen von Sensor-Transpondern oder als RFID-Reader am Paketband.<\/p>\n\n\n\n<p>Aufgrund der geringeren Kosten gegen\u00fcber einem UHF Long-Range Reader kann der PulsarMX in Anwendungen eingesetzt werden, bei denen ein RFID-Einsatz bisher nicht wirtschaftlich war. Die kompakten Abmessungen von nur 130 x 106 x 55 mm und die geringen W\u00e4rmeentwicklung erm\u00f6glichen zudem die Integartion des Reader in Schaltschr\u00e4nken, Maschinen oder Anlagen. Die Kommunikation erfolgt \u00fcber USB oder die integrierte Ethernet-Schnittstelle. Optisch isolierte 24V DC Inputs\/Outputs erm\u00f6glichen den Anschluss von LEDs oder Lichtschranken direkt an den Reader.<\/p>\n\n\n\n<p>F\u00fcr die Integration in andere Software steht eine kostenlose .NET DLL, ein Java SDK sowie eine Python Bibliothek zur Verf\u00fcgung. Daneben gibt es f\u00fcr Windows eine Demo-Software mit umfassendem Funktionsumfang, um s\u00e4mtliche F\u00e4higkeiten des Ger\u00e4tes zu testen.<\/p>\n\n\n\n\t<div id=\"metratec-shop-block_2fd6511c031cc8cbf393d50347ef70c0\" class=\"block-metratec-shop has-max-width has-button-only\">\n\t\t\t\t\t<div id=\"product-component-block_2fd6511c031cc8cbf393d50347ef70c0\" class=\"shop-button-only\"><\/div>\n\t\t\t<\/div>\n\n\t<script type=\"text\/javascript\">\n\t\t\/*<![CDATA[*\/\n\t\t(function () {\n\t\t\tvar scriptURL = 'https:\/\/sdks.shopifycdn.com\/buy-button\/latest\/buy-button-storefront.min.js';\n\t\t\tif (window.ShopifyBuy) {\n\t\t\t\tif (window.ShopifyBuy.UI) {\n\t\t\t\t\tShopifyBuyInit();\n\t\t\t\t} else {\n\t\t\t\t\tloadScript();\n\t\t\t\t}\n\t\t\t} else {\n\t\t\t\tloadScript();\n\t\t\t}\n\n\t\t\tfunction loadScript() {\n\t\t\t\tvar script = document.createElement('script');\n\t\t\t\tscript.async = true;\n\t\t\t\tscript.src = scriptURL;\n\t\t\t\t(document.getElementsByTagName('head')[0] || document.getElementsByTagName('body')[0]).appendChild(script);\n\t\t\t\tscript.onload = ShopifyBuyInit;\n\t\t\t}\n\n\t\t\tfunction ShopifyBuyInit() {\n\t\t\t\tvar client = ShopifyBuy.buildClient({\n\t\t\t\t\tdomain: \"shop.metratec.com\",\n\t\t\t\t\tstorefrontAccessToken: \"d6b1d5712aad7c26adcf03f7569c7235\",\n\t\t\t\t});\n\t\t\t\tShopifyBuy.UI.onReady(client).then(function (ui) {\n\t\t\t\t\tui.createComponent('product', {\n\t\t\t\t\t\tid: \"8425357017428\",\n\t\t\t\t\t\tnode: document.getElementById('product-component-block_2fd6511c031cc8cbf393d50347ef70c0'),\n\t\t\t\t\t\tmoneyFormat: '%E2%82%AC%7B%7Bamount_with_comma_separator%7D%7D',\n\t\t\t\t\t\toptions: {\n\t\t\t\t\t\t\t\"product\": {\n\t\t\t\t\t\t\t\t\"iframe\": false,\n\t\t\t\t\t\t\t\t\"templates\": {\n\t\t\t\t\t\t\t\t\t\"title\": '<h2 class=\"{{data.classes.product.title}}\" data-element=\"product.title\">{{data.title}}<\/h2>',\n\t\t\t\t\t\t\t\t},\n\t\t\t\t\t\t\t\t\"text\": {\n\t\t\t\t\t\t\t\t\t\"button\": \"Produkt bestellen\",\n\t\t\t\t\t\t\t\t},\n\t\t\t\t\t\t\t\t\"contents\": {\n\t\t\t\t\t\t\t\t\t\t\t\t\t\t\t\t\t\t\"footer\": false,\n\t\t\t\t\t\t\t\t\t\"title\": false,\n\t\t\t\t\t\t\t\t\t\"price\": false,\n\t\t\t\t\t\t\t\t\t\"img\": false,\n\t\t\t\t\t\t\t\t\t\"options\": false,\n\t\t\t\t\t\t\t\t\t\"quantity\": false,\n\t\t\t\t\t\t\t\t\t\"button\": true,\n\t\t\t\t\t\t\t\t\t\t\t\t\t\t\t\t\t},\n\t\t\t\t\t\t\t},\n\t\t\t\t\t\t\t\"modalProduct\": {\n\t\t\t\t\t\t\t\t\"text\": {\n\t\t\t\t\t\t\t\t\t\"button\": \"Produkt bestellen\",\n\t\t\t\t\t\t\t\t},\n\t\t\t\t\t\t\t},\n\t\t\t\t\t\t\t\"cart\": {\n\t\t\t\t\t\t\t\t\"iframe\": false,\n\t\t\t\t\t\t\t\t\"text\": {\n\t\t\t\t\t\t\t\t\t\"title\": \"Warenkorb\",\n\t\t\t\t\t\t\t\t\t\"total\": \"Zwischensumme\",\n\t\t\t\t\t\t\t\t\t\"empty\": \"Der Warenkorb ist leer. \",\n\t\t\t\t\t\t\t\t\t\"notice\": \"Versandkosten und Steuern werden an der Kasse berechnet.\",\n\t\t\t\t\t\t\t\t\t\"button\": \"Zur Kasse\",\n\t\t\t\t\t\t\t\t\t\"noteDescription\": \"Notiz\",\n\t\t\t\t\t\t\t\t},\n\t\t\t\t\t\t\t},\n\t\t\t\t\t\t\t\"toggle\": {\n\t\t\t\t\t\t\t\t\"styles\": {\n\t\t\t\t\t\t\t\t\t\"toggle\": {\n\t\t\t\t\t\t\t\t\t\t\"font-weight\": \"bold\",\n\t\t\t\t\t\t\t\t\t\t\"background-color\": \"#353464\",\n\t\t\t\t\t\t\t\t\t\t\":hover\": {\n\t\t\t\t\t\t\t\t\t\t\t\"background-color\": \"#5F696D\",\n\t\t\t\t\t\t\t\t\t\t},\n\t\t\t\t\t\t\t\t\t\t\":focus\": {\n\t\t\t\t\t\t\t\t\t\t\t\"background-color\": \"#5F696D\",\n\t\t\t\t\t\t\t\t\t\t},\n\t\t\t\t\t\t\t\t\t},\n\t\t\t\t\t\t\t\t},\n\t\t\t\t\t\t\t},\n\t\t\t\t\t\t},\n\t\t\t\t\t});\n\t\t\t\t});\n\t\t\t}\n\t\t})();\n\t\t\/*]]]]><![CDATA[>*\/\n\t<\/script>\n\n\n\n\n\t<div id=\"metratec-specifications-block_590d231f09521b6d805db17e5000a275\" class=\"block-metratec-specifications\">\n\t\t<h2>Spezifikationen<\/h2>\n\t\t<figure class=\"wp-block-table product-specs has-small-font-size\">\n\t\t\t<table>\n\t\t\t\t<tbody>\n\t\t\t\t\t\t\t\t\t\t\t\t\t\t\t\t\t\t\t\t\n\t\t\t\t\t<tr class=\"product-spec\">\n\t\t\t\t\t\t<td class=\"has-width-30 product-spec\">Funktionsprinzip<\/td>\n\t\t\t\t\t\t<td class=\"has-width-70 product-value\">Mid-Range UHF RFID Lese-\/Schreibger\u00e4t<\/td>\n\t\t\t\t\t<\/tr>\n\t\t\t\t\t\t\t\t\t\t\t\t\t\t\t\t\t\t\t\t\n\t\t\t\t\t<tr class=\"product-spec\">\n\t\t\t\t\t\t<td class=\"has-width-30 product-spec\">Frequenzband<\/td>\n\t\t\t\t\t\t<td class=\"has-width-70 product-value\">868 MHz (ETSI, EU) und 915-928 MHz (FCC, USA)<\/td>\n\t\t\t\t\t<\/tr>\n\t\t\t\t\t\t\t\t\t\t\t\t\t\t\t\t\t\t\t\t\n\t\t\t\t\t<tr class=\"product-spec\">\n\t\t\t\t\t\t<td class=\"has-width-30 product-spec\">Unterst\u00fctzte Protokolle<\/td>\n\t\t\t\t\t\t<td class=\"has-width-70 product-value\">EPC Class 1 Gen 2 \/ UHF RFID<\/td>\n\t\t\t\t\t<\/tr>\n\t\t\t\t\t\t\t\t\t\t\t\t\t\t\t\t\t\t\t\t\n\t\t\t\t\t<tr class=\"product-spec\">\n\t\t\t\t\t\t<td class=\"has-width-30 product-spec\">Ausgangsleistung<\/td>\n\t\t\t\t\t\t<td class=\"has-width-70 product-value\">max. 500 mW (27 dBm)<\/td>\n\t\t\t\t\t<\/tr>\n\t\t\t\t\t\t\t\t\t\t\t\t\t\t\t\t\t\t\t\t\n\t\t\t\t\t<tr class=\"product-spec\">\n\t\t\t\t\t\t<td class=\"has-width-30 product-spec\">Lesereichweite<\/td>\n\t\t\t\t\t\t<td class=\"has-width-70 product-value\">bis zu 3 m<\/td>\n\t\t\t\t\t<\/tr>\n\t\t\t\t\t\t\t\t\t\t\t\t\t\t\t\t\t\t\t\t\n\t\t\t\t\t<tr class=\"product-spec\">\n\t\t\t\t\t\t<td class=\"has-width-30 product-spec\">Antennenanschluss<\/td>\n\t\t\t\t\t\t<td class=\"has-width-70 product-value\">SMA, 50 Ohm<\/td>\n\t\t\t\t\t<\/tr>\n\t\t\t\t\t\t\t\t\t\t\t\t\t\t\t\t\t\t\t\t\n\t\t\t\t\t<tr class=\"product-spec\">\n\t\t\t\t\t\t<td class=\"has-width-30 product-spec\">Spannungsversorgung<\/td>\n\t\t\t\t\t\t<td class=\"has-width-70 product-value\">24V DC (\u00b1 10%)<\/td>\n\t\t\t\t\t<\/tr>\n\t\t\t\t\t\t\t\t\t\t\t\t\t\t\t\t\t\t\t\t\n\t\t\t\t\t<tr class=\"product-spec\">\n\t\t\t\t\t\t<td class=\"has-width-30 product-spec\">Stromaufnahme<\/td>\n\t\t\t\t\t\t<td class=\"has-width-70 product-value\">bis zu 270 mA<\/td>\n\t\t\t\t\t<\/tr>\n\t\t\t\t\t\t\t\t\t\t\t\t\t\t\t\t\t\t\t\t\n\t\t\t\t\t<tr class=\"product-spec\">\n\t\t\t\t\t\t<td class=\"has-width-30 product-spec\">Konnektivit\u00e4t<\/td>\n\t\t\t\t\t\t<td class=\"has-width-70 product-value\">Ethernet, USB (Typ B)<\/td>\n\t\t\t\t\t<\/tr>\n\t\t\t\t\t\t\t\t\t\t\t\t\t\t\t\t\t\t\t\t\n\t\t\t\t\t<tr class=\"product-spec\">\n\t\t\t\t\t\t<td class=\"has-width-30 product-spec\">Eing\u00e4nge\/Ausg\u00e4nge<\/td>\n\t\t\t\t\t\t<td class=\"has-width-70 product-value\">4 24V Ausg\u00e4nge, 2 optisch isolierte Eing\u00e4nge<\/td>\n\t\t\t\t\t<\/tr>\n\t\t\t\t\t\t\t\t\t\t\t\t\t\t\t\t\t\t\t\t\n\t\t\t\t\t<tr class=\"product-spec\">\n\t\t\t\t\t\t<td class=\"has-width-30 product-spec\">Temperaturbereich<\/td>\n\t\t\t\t\t\t<td class=\"has-width-70 product-value\">-20 \u00b0C bis +70 \u00b0C<\/td>\n\t\t\t\t\t<\/tr>\n\t\t\t\t\t\t\t\t\t\t\t\t\t\t\t\t\t\t\t\t\n\t\t\t\t\t<tr class=\"product-spec\">\n\t\t\t\t\t\t<td class=\"has-width-30 product-spec\">Abmessungen<\/td>\n\t\t\t\t\t\t<td class=\"has-width-70 product-value\">130 x 106 x 55 mm<\/td>\n\t\t\t\t\t<\/tr>\n\t\t\t\t\t\t\t\t\t\t\t\t\t\t\t\t\t\t\t\t\n\t\t\t\t\t<tr class=\"product-spec\">\n\t\t\t\t\t\t<td class=\"has-width-30 product-spec\">Zulassungen<\/td>\n\t\t\t\t\t\t<td class=\"has-width-70 product-value\">konform mit CE, z.B. ETSI 302 208<\/td>\n\t\t\t\t\t<\/tr>\n\t\t\t\t\t\t\t\t<\/tbody>\n\t\t\t<\/table>\n\t\t<\/figure>\n\t<\/div>\n\n\n\n\n\n\n\t<div id=\"metratec-download-list-block_938820e6355aff4413501f4bb80a7531\" class=\"block-metratec-download-list\">\n\t\t\t\t<h2>Dokumentationen und Software<\/h2>\n\t\t<figure class=\"wp-block-table downloads-list has-small-font-size\">\n\t\t\t<table>\n\t\t\t\t<thead>\n\t\t\t\t\t<tr>\n\t\t\t\t\t\t<th>Download<\/th>\n\t\t\t\t\t\t<th class=\"has-text-align-center\">Version<\/th>\n\t\t\t\t\t\t<th class=\"has-text-align-center\">Gr\u00f6\u00dfe<\/th>\n\t\t\t\t\t<\/tr>\n\t\t\t\t<\/thead>\n\t\t\t\t<tbody>\n\n\t\t\t\t\t\t\t\t\t<tr class=\"download-item\">\n\t\t\t\t\t\t<td class=\"download-name\">\n\t\t\t\t\t\t\t<a class=\"direct-url\" href=\"https:\/\/www.metratec.com\/media\/2024\/05\/PulsarMX_short_r1-0.pdf\" download>\n\t\t\t\t\t\t\t\t<svg width=\"21\" height=\"48\" viewBox=\"0 0 21 48\" fill=\"none\" xmlns=\"http:\/\/www.w3.org\/2000\/svg\">\n\t\t\t\t\t\t\t\t\t<path d=\"M9.26848 10.3608V29.4569L2.23309 22.4215L0.625 24.0296L10.4745 33.8791L20.5251 24.0296L18.917 22.4215L11.6806 29.4569V10.3608H9.26848Z\" fill=\"black\"\/>\n\t\t\t\t\t\t\t\t\t<path d=\"M20.5251 34.8792H0.625V37.2913H20.5251V34.8792Z\" fill=\"black\"\/>\n\t\t\t\t\t\t\t\t<\/svg>\n\t\t\t\t\t\t\t<\/a>\n\t\t\t\t\t\t\t<a href=\"https:\/\/www.metratec.com\/de\/downloads\/product-brief-pulsarmx\/\">\n\t\t\t\t\t\t\t\tKurzbeschreibung PulsarMX (engl.)\t\t\t\t\t\t\t<\/a>\n\t\t\t\t\t\t<\/td>\n\t\t\t\t\t\t<td class=\"download-version has-text-align-center\">1.0<\/td>\n\t\t\t\t\t\t<td class=\"download-size has-text-align-center\">201.07 KB<\/td>\n\t\t\t\t\t<\/tr>\n\t\t\t\t\t\t\t\t\t<tr class=\"download-item\">\n\t\t\t\t\t\t<td class=\"download-name\">\n\t\t\t\t\t\t\t<a class=\"direct-url\" href=\"https:\/\/www.metratec.com\/media\/2023\/06\/Docu_PulsarMX_v1-2.pdf\" download>\n\t\t\t\t\t\t\t\t<svg width=\"21\" height=\"48\" viewBox=\"0 0 21 48\" fill=\"none\" xmlns=\"http:\/\/www.w3.org\/2000\/svg\">\n\t\t\t\t\t\t\t\t\t<path d=\"M9.26848 10.3608V29.4569L2.23309 22.4215L0.625 24.0296L10.4745 33.8791L20.5251 24.0296L18.917 22.4215L11.6806 29.4569V10.3608H9.26848Z\" fill=\"black\"\/>\n\t\t\t\t\t\t\t\t\t<path d=\"M20.5251 34.8792H0.625V37.2913H20.5251V34.8792Z\" fill=\"black\"\/>\n\t\t\t\t\t\t\t\t<\/svg>\n\t\t\t\t\t\t\t<\/a>\n\t\t\t\t\t\t\t<a href=\"https:\/\/www.metratec.com\/de\/downloads\/datasheet-pulsarmx\/\">\n\t\t\t\t\t\t\t\tDatasheet PulsarMX\t\t\t\t\t\t\t<\/a>\n\t\t\t\t\t\t<\/td>\n\t\t\t\t\t\t<td class=\"download-version has-text-align-center\">1.2<\/td>\n\t\t\t\t\t\t<td class=\"download-size has-text-align-center\">247.20 KB<\/td>\n\t\t\t\t\t<\/tr>\n\t\t\t\t\t\t\t\t\t<tr class=\"download-item\">\n\t\t\t\t\t\t<td class=\"download-name\">\n\t\t\t\t\t\t\t<a class=\"direct-url\" href=\"https:\/\/www.metratec.com\/media\/2023\/06\/metraTec_UHF_Protocol-Guide-2_8.pdf\" download>\n\t\t\t\t\t\t\t\t<svg width=\"21\" height=\"48\" viewBox=\"0 0 21 48\" fill=\"none\" xmlns=\"http:\/\/www.w3.org\/2000\/svg\">\n\t\t\t\t\t\t\t\t\t<path d=\"M9.26848 10.3608V29.4569L2.23309 22.4215L0.625 24.0296L10.4745 33.8791L20.5251 24.0296L18.917 22.4215L11.6806 29.4569V10.3608H9.26848Z\" fill=\"black\"\/>\n\t\t\t\t\t\t\t\t\t<path d=\"M20.5251 34.8792H0.625V37.2913H20.5251V34.8792Z\" fill=\"black\"\/>\n\t\t\t\t\t\t\t\t<\/svg>\n\t\t\t\t\t\t\t<\/a>\n\t\t\t\t\t\t\t<a href=\"https:\/\/www.metratec.com\/de\/downloads\/metratec-uhf-protocol-guide\/\">\n\t\t\t\t\t\t\t\tMetratec UHF Protokoll Guide (ASCII)\t\t\t\t\t\t\t<\/a>\n\t\t\t\t\t\t<\/td>\n\t\t\t\t\t\t<td class=\"download-version has-text-align-center\">2.8<\/td>\n\t\t\t\t\t\t<td class=\"download-size has-text-align-center\">942.39 KB<\/td>\n\t\t\t\t\t<\/tr>\n\t\t\t\t\t\t\t\t\t<tr class=\"download-item\">\n\t\t\t\t\t\t<td class=\"download-name\">\n\t\t\t\t\t\t\t<a class=\"direct-url\" href=\"https:\/\/www.metratec.com\/media\/2024\/05\/metraterm2_r1-1_win.zip\" download>\n\t\t\t\t\t\t\t\t<svg width=\"21\" height=\"48\" viewBox=\"0 0 21 48\" fill=\"none\" xmlns=\"http:\/\/www.w3.org\/2000\/svg\">\n\t\t\t\t\t\t\t\t\t<path d=\"M9.26848 10.3608V29.4569L2.23309 22.4215L0.625 24.0296L10.4745 33.8791L20.5251 24.0296L18.917 22.4215L11.6806 29.4569V10.3608H9.26848Z\" fill=\"black\"\/>\n\t\t\t\t\t\t\t\t\t<path d=\"M20.5251 34.8792H0.625V37.2913H20.5251V34.8792Z\" fill=\"black\"\/>\n\t\t\t\t\t\t\t\t<\/svg>\n\t\t\t\t\t\t\t<\/a>\n\t\t\t\t\t\t\t<a href=\"https:\/\/www.metratec.com\/de\/downloads\/metraterm-2-terminal-program-windows\/\">\n\t\t\t\t\t\t\t\tMetraTerm 2 Terminal Program (Windows)\t\t\t\t\t\t\t<\/a>\n\t\t\t\t\t\t<\/td>\n\t\t\t\t\t\t<td class=\"download-version has-text-align-center\">1.1<\/td>\n\t\t\t\t\t\t<td class=\"download-size has-text-align-center\">11.44 MB<\/td>\n\t\t\t\t\t<\/tr>\n\t\t\t\t\t\t\t\t\t<tr class=\"download-item\">\n\t\t\t\t\t\t<td class=\"download-name\">\n\t\t\t\t\t\t\t<a class=\"direct-url\" href=\"https:\/\/www.metratec.com\/media\/2023\/06\/ReaderControlUHF_r011000.zip\" download>\n\t\t\t\t\t\t\t\t<svg width=\"21\" height=\"48\" viewBox=\"0 0 21 48\" fill=\"none\" xmlns=\"http:\/\/www.w3.org\/2000\/svg\">\n\t\t\t\t\t\t\t\t\t<path d=\"M9.26848 10.3608V29.4569L2.23309 22.4215L0.625 24.0296L10.4745 33.8791L20.5251 24.0296L18.917 22.4215L11.6806 29.4569V10.3608H9.26848Z\" fill=\"black\"\/>\n\t\t\t\t\t\t\t\t\t<path d=\"M20.5251 34.8792H0.625V37.2913H20.5251V34.8792Z\" fill=\"black\"\/>\n\t\t\t\t\t\t\t\t<\/svg>\n\t\t\t\t\t\t\t<\/a>\n\t\t\t\t\t\t\t<a href=\"https:\/\/www.metratec.com\/de\/downloads\/reader-control-uhf-windows\/\">\n\t\t\t\t\t\t\t\tReader Control UHF (Windows)\t\t\t\t\t\t\t<\/a>\n\t\t\t\t\t\t<\/td>\n\t\t\t\t\t\t<td class=\"download-version has-text-align-center\">1.10<\/td>\n\t\t\t\t\t\t<td class=\"download-size has-text-align-center\">140.60 KB<\/td>\n\t\t\t\t\t<\/tr>\n\t\t\t\t\t\t\t\t\t<tr class=\"download-item\">\n\t\t\t\t\t\t<td class=\"download-name\">\n\t\t\t\t\t\t\t<a class=\"direct-url\" href=\"https:\/\/www.metratec.com\/media\/2023\/04\/JAVA_rfid-reader-library-3.5.13.zip\" download>\n\t\t\t\t\t\t\t\t<svg width=\"21\" height=\"48\" viewBox=\"0 0 21 48\" fill=\"none\" xmlns=\"http:\/\/www.w3.org\/2000\/svg\">\n\t\t\t\t\t\t\t\t\t<path d=\"M9.26848 10.3608V29.4569L2.23309 22.4215L0.625 24.0296L10.4745 33.8791L20.5251 24.0296L18.917 22.4215L11.6806 29.4569V10.3608H9.26848Z\" fill=\"black\"\/>\n\t\t\t\t\t\t\t\t\t<path d=\"M20.5251 34.8792H0.625V37.2913H20.5251V34.8792Z\" fill=\"black\"\/>\n\t\t\t\t\t\t\t\t<\/svg>\n\t\t\t\t\t\t\t<\/a>\n\t\t\t\t\t\t\t<a href=\"https:\/\/www.metratec.com\/de\/downloads\/java-bibliothek-fuer-metratec-geraete\/\">\n\t\t\t\t\t\t\t\tJava Bibliothek f\u00fcr Metratec RFID Ger\u00e4te\t\t\t\t\t\t\t<\/a>\n\t\t\t\t\t\t<\/td>\n\t\t\t\t\t\t<td class=\"download-version has-text-align-center\">3.5.13<\/td>\n\t\t\t\t\t\t<td class=\"download-size has-text-align-center\">3.92 MB<\/td>\n\t\t\t\t\t<\/tr>\n\t\t\t\t\t\t\t\t\t<tr class=\"download-item\">\n\t\t\t\t\t\t<td class=\"download-name\">\n\t\t\t\t\t\t\t<a class=\"direct-url\" href=\"https:\/\/www.metratec.com\/media\/2024\/05\/rfid-sdk-dotnet-r3.3.0.zip\" download>\n\t\t\t\t\t\t\t\t<svg width=\"21\" height=\"48\" viewBox=\"0 0 21 48\" fill=\"none\" xmlns=\"http:\/\/www.w3.org\/2000\/svg\">\n\t\t\t\t\t\t\t\t\t<path d=\"M9.26848 10.3608V29.4569L2.23309 22.4215L0.625 24.0296L10.4745 33.8791L20.5251 24.0296L18.917 22.4215L11.6806 29.4569V10.3608H9.26848Z\" fill=\"black\"\/>\n\t\t\t\t\t\t\t\t\t<path d=\"M20.5251 34.8792H0.625V37.2913H20.5251V34.8792Z\" fill=\"black\"\/>\n\t\t\t\t\t\t\t\t<\/svg>\n\t\t\t\t\t\t\t<\/a>\n\t\t\t\t\t\t\t<a href=\"https:\/\/www.metratec.com\/de\/downloads\/net-dll-for-metratec-devices\/\">\n\t\t\t\t\t\t\t\t.NET DLL f\u00fcr Metratec RFID Ger\u00e4te\t\t\t\t\t\t\t<\/a>\n\t\t\t\t\t\t<\/td>\n\t\t\t\t\t\t<td class=\"download-version has-text-align-center\">3.3.0<\/td>\n\t\t\t\t\t\t<td class=\"download-size has-text-align-center\">563.93 KB<\/td>\n\t\t\t\t\t<\/tr>\n\t\t\t\t\t\t\t\t\t<tr class=\"download-item\">\n\t\t\t\t\t\t<td class=\"download-name\">\n\t\t\t\t\t\t\t<a class=\"direct-url\" href=\"https:\/\/www.metratec.com\/media\/2024\/08\/firmware_update_tool_win_v4-4.zip\" download>\n\t\t\t\t\t\t\t\t<svg width=\"21\" height=\"48\" viewBox=\"0 0 21 48\" fill=\"none\" xmlns=\"http:\/\/www.w3.org\/2000\/svg\">\n\t\t\t\t\t\t\t\t\t<path d=\"M9.26848 10.3608V29.4569L2.23309 22.4215L0.625 24.0296L10.4745 33.8791L20.5251 24.0296L18.917 22.4215L11.6806 29.4569V10.3608H9.26848Z\" fill=\"black\"\/>\n\t\t\t\t\t\t\t\t\t<path d=\"M20.5251 34.8792H0.625V37.2913H20.5251V34.8792Z\" fill=\"black\"\/>\n\t\t\t\t\t\t\t\t<\/svg>\n\t\t\t\t\t\t\t<\/a>\n\t\t\t\t\t\t\t<a href=\"https:\/\/www.metratec.com\/de\/downloads\/firmware-update-tool-4-windows-10\/\">\n\t\t\t\t\t\t\t\tFirmware Update Tool 4 (Windows)\t\t\t\t\t\t\t<\/a>\n\t\t\t\t\t\t<\/td>\n\t\t\t\t\t\t<td class=\"download-version has-text-align-center\">4.4<\/td>\n\t\t\t\t\t\t<td class=\"download-size has-text-align-center\">12.05 MB<\/td>\n\t\t\t\t\t<\/tr>\n\t\t\t\t\t\t\t\t<\/tbody>\n\t\t\t<\/table>\n\t\t<\/figure>\n\t<\/div>\n\n\n\n\t<div id=\"metratec-related-products-block_8403803b21ea02db21b0a7b9313fef25\" class=\"block-metratec-related-products\">\n\t\t<h2>Weitere Produkte<\/h2>\n\t\t<div class=\"related-products\">\n\t\t\t\t\t\t\t<div class=\"related-product\">\n\t\t\t\t\t<div class=\"product-image\">\n\t\t\t\t\t\t<a class=\"aspect-content has-image-hover\" href=\"https:\/\/www.metratec.com\/de\/produkte\/rfid\/rfid-antennen\/echo-6p-uhf-rfid-antenne\/\">\n\t\t\t\t\t\t\t<img loading=\"lazy\" width=\"400\" height=\"400\" src=\"https:\/\/www.metratec.com\/media\/2023\/03\/Echo6P-400x400.png\" class=\"attachment-thumbnail size-thumbnail wp-post-image\" alt=\"Echo6P\" srcset=\"https:\/\/www.metratec.com\/media\/2023\/03\/Echo6P-400x400.png 400w, https:\/\/www.metratec.com\/media\/2023\/03\/Echo6P-800x800.png 800w, https:\/\/www.metratec.com\/media\/2023\/03\/Echo6P-1600x1600.png 1600w, https:\/\/www.metratec.com\/media\/2023\/03\/Echo6P.png 2024w\" sizes=\"auto, (max-width: 400px) 100vw, 400px\" decoding=\"async\" title=\"\">\t\t\t\t\t\t<\/a>\n\t\t\t\t\t<\/div>\n\t\t\t\t\t<h3 class=\"has-medium-font-size product-title\" >\n\t\t\t\t\t\t<a href=\"https:\/\/www.metratec.com\/de\/produkte\/rfid\/rfid-antennen\/echo-6p-uhf-rfid-antenne\/\">Echo-6P UHF RFID Antenne<\/a>\n\t\t\t\t\t<\/h3>\n\t\t\t\t<\/div>\n\t\t\t\t\t\t\t<div class=\"related-product\">\n\t\t\t\t\t<div class=\"product-image\">\n\t\t\t\t\t\t<a class=\"aspect-content has-image-hover\" href=\"https:\/\/www.metratec.com\/de\/produkte\/rfid\/rfid-antennas\/echo-5p-uhf-antenne\/\">\n\t\t\t\t\t\t\t<img loading=\"lazy\" width=\"400\" height=\"356\" src=\"https:\/\/www.metratec.com\/media\/2023\/04\/Echo5-N-400x356.png\" class=\"attachment-thumbnail size-thumbnail wp-post-image\" alt=\"Echo5-N\" srcset=\"https:\/\/www.metratec.com\/media\/2023\/04\/Echo5-N-400x356.png 400w, https:\/\/www.metratec.com\/media\/2023\/04\/Echo5-N-800x712.png 800w, https:\/\/www.metratec.com\/media\/2023\/04\/Echo5-N-1600x1425.png 1600w, https:\/\/www.metratec.com\/media\/2023\/04\/Echo5-N.png 2024w\" sizes=\"auto, (max-width: 400px) 100vw, 400px\" decoding=\"async\" title=\"\">\t\t\t\t\t\t<\/a>\n\t\t\t\t\t<\/div>\n\t\t\t\t\t<h3 class=\"has-medium-font-size product-title\" >\n\t\t\t\t\t\t<a href=\"https:\/\/www.metratec.com\/de\/produkte\/rfid\/rfid-antennas\/echo-5p-uhf-antenne\/\">Echo-5P UHF RFID Antenne<\/a>\n\t\t\t\t\t<\/h3>\n\t\t\t\t<\/div>\n\t\t\t\t\t<\/div>\n\t<\/div>\n","protected":false},"featured_media":2222,"parent":0,"menu_order":0,"template":"","product_family":[20,21],"specification":[],"class_list":["post-187","product","type-product","status-publish","has-post-thumbnail","hentry","product_family-rfid","product_family-rfid-reader"],"acf":[],"_links":{"self":[{"href":"https:\/\/www.metratec.com\/de\/wp-json\/wp\/v2\/product\/187","targetHints":{"allow":["GET"]}}],"collection":[{"href":"https:\/\/www.metratec.com\/de\/wp-json\/wp\/v2\/product"}],"about":[{"href":"https:\/\/www.metratec.com\/de\/wp-json\/wp\/v2\/types\/product"}],"wp:featuredmedia":[{"embeddable":true,"href":"https:\/\/www.metratec.com\/de\/wp-json\/wp\/v2\/media\/2222"}],"wp:attachment":[{"href":"https:\/\/www.metratec.com\/de\/wp-json\/wp\/v2\/media?parent=187"}],"wp:term":[{"taxonomy":"product_family","embeddable":true,"href":"https:\/\/www.metratec.com\/de\/wp-json\/wp\/v2\/product_family?post=187"},{"taxonomy":"specification","embeddable":true,"href":"https:\/\/www.metratec.com\/de\/wp-json\/wp\/v2\/specification?post=187"}],"curies":[{"name":"wp","href":"https:\/\/api.w.org\/{rel}","templated":true}]}}