{"id":186,"date":"2023-03-03T16:15:15","date_gmt":"2023-03-03T15:15:15","guid":{"rendered":"https:\/\/wp.metratec.com\/?post_type=product&#038;p=186"},"modified":"2026-03-28T18:08:09","modified_gmt":"2026-03-28T17:08:09","slug":"quasarlr","status":"publish","type":"product","link":"https:\/\/www.metratec.com\/de\/produkte\/rfid\/rfid-reader\/quasarlr\/","title":{"rendered":"QuasarLR HF RFID Reader &#8211; Long Range 13,56 MHz Industrie-Leseger\u00e4t"},"content":{"rendered":"\n<p>Der QuasarLR ist ein HF RFID Reader f\u00fcr anspruchsvolle industrielle Anwendungen, bei denen hohe Lesezuverl\u00e4ssigkeit, gro\u00dfe Lesereichweiten und umfangreiche Sonderfunktionen ben\u00f6tigt werden. Mit einer Arbeitsfrequenz von 13,56 MHz bietet dieser industrielle Reader\/Writer au\u00dfergew\u00f6hnliche Leistung f\u00fcr ISO15693-Anwendungen.<\/p>\n\n\n\n<h2 class=\"wp-block-heading\">Technische Spezifikationen<\/h2>\n\n\n\n<p>Zu den Highlights geh\u00f6rt eine HF-Leistung von bis zu 4 W, die mit der richtigen Antenne (z.B. unserer Lambda40 Loop-Antenne) eine Lesereichweite von bis zu 600 mm erm\u00f6glicht. Dies erlaubt auch schwierige Anwendungen direkt an F\u00f6rderb\u00e4ndern, in Produktionsmaschinen und in W\u00e4schereianwendungen.<\/p>\n\n\n\n<p>Die Kommunikation zum Hostsystem erfolgt \u00fcber USB oder einen optionalen Ethernet-Port. Um die Integration in Maschinen zu erleichtern und eine einfache Steuerung \u00fcber SPSen zu erm\u00f6glichen, bietet das Ger\u00e4t optisch isolierte 24 V DC Ein- und Ausg\u00e4nge.<\/p>\n\n\n\n<h2 class=\"wp-block-heading\">Software und Integration<\/h2>\n\n\n\n<p>F\u00fcr das einfache und schnelle Testen des Produkts gibt es eine kostenlose Windows-Demo-Software, um alle Funktionen des Ger\u00e4ts zu testen. Wenn Sie den Reader in Ihre eigene Software integrieren m\u00fcssen, gibt es auch ein Java SDK, eine .NET-Bibliothek und eine Python-Lib f\u00fcr den Zugriff auf das Ger\u00e4t unter allen Betriebssystemen.<\/p>\n\n\n\n\t<div id=\"metratec-shop-block_b5a185be2b9d88d692772dbb7cfe2081\" class=\"block-metratec-shop has-max-width has-button-only\">\n\t\t\t\t\t<div id=\"product-component-block_b5a185be2b9d88d692772dbb7cfe2081\" class=\"shop-button-only\"><\/div>\n\t\t\t<\/div>\n\n\t<script type=\"text\/javascript\">\n\t\t\/*<![CDATA[*\/\n\t\t(function () {\n\t\t\tvar scriptURL = 'https:\/\/sdks.shopifycdn.com\/buy-button\/latest\/buy-button-storefront.min.js';\n\t\t\tif (window.ShopifyBuy) {\n\t\t\t\tif (window.ShopifyBuy.UI) {\n\t\t\t\t\tShopifyBuyInit();\n\t\t\t\t} else {\n\t\t\t\t\tloadScript();\n\t\t\t\t}\n\t\t\t} else {\n\t\t\t\tloadScript();\n\t\t\t}\n\n\t\t\tfunction loadScript() {\n\t\t\t\tvar script = document.createElement('script');\n\t\t\t\tscript.async = true;\n\t\t\t\tscript.src = scriptURL;\n\t\t\t\t(document.getElementsByTagName('head')[0] || document.getElementsByTagName('body')[0]).appendChild(script);\n\t\t\t\tscript.onload = ShopifyBuyInit;\n\t\t\t}\n\n\t\t\tfunction ShopifyBuyInit() {\n\t\t\t\tvar client = ShopifyBuy.buildClient({\n\t\t\t\t\tdomain: \"shop.metratec.com\",\n\t\t\t\t\tstorefrontAccessToken: \"d6b1d5712aad7c26adcf03f7569c7235\",\n\t\t\t\t});\n\t\t\t\tShopifyBuy.UI.onReady(client).then(function (ui) {\n\t\t\t\t\tui.createComponent('product', {\n\t\t\t\t\t\tid: \"8425361867092\",\n\t\t\t\t\t\tnode: document.getElementById('product-component-block_b5a185be2b9d88d692772dbb7cfe2081'),\n\t\t\t\t\t\tmoneyFormat: '%E2%82%AC%7B%7Bamount_with_comma_separator%7D%7D',\n\t\t\t\t\t\toptions: {\n\t\t\t\t\t\t\t\"product\": {\n\t\t\t\t\t\t\t\t\"iframe\": false,\n\t\t\t\t\t\t\t\t\"templates\": {\n\t\t\t\t\t\t\t\t\t\"title\": '<h2 class=\"{{data.classes.product.title}}\" data-element=\"product.title\">{{data.title}}<\/h2>',\n\t\t\t\t\t\t\t\t},\n\t\t\t\t\t\t\t\t\"text\": {\n\t\t\t\t\t\t\t\t\t\"button\": \"Produkt bestellen\",\n\t\t\t\t\t\t\t\t},\n\t\t\t\t\t\t\t\t\"contents\": {\n\t\t\t\t\t\t\t\t\t\t\t\t\t\t\t\t\t\t\"footer\": false,\n\t\t\t\t\t\t\t\t\t\"title\": false,\n\t\t\t\t\t\t\t\t\t\"price\": false,\n\t\t\t\t\t\t\t\t\t\"img\": false,\n\t\t\t\t\t\t\t\t\t\"options\": false,\n\t\t\t\t\t\t\t\t\t\"quantity\": false,\n\t\t\t\t\t\t\t\t\t\"button\": true,\n\t\t\t\t\t\t\t\t\t\t\t\t\t\t\t\t\t},\n\t\t\t\t\t\t\t},\n\t\t\t\t\t\t\t\"modalProduct\": {\n\t\t\t\t\t\t\t\t\"text\": {\n\t\t\t\t\t\t\t\t\t\"button\": \"Produkt bestellen\",\n\t\t\t\t\t\t\t\t},\n\t\t\t\t\t\t\t},\n\t\t\t\t\t\t\t\"cart\": {\n\t\t\t\t\t\t\t\t\"iframe\": false,\n\t\t\t\t\t\t\t\t\"text\": {\n\t\t\t\t\t\t\t\t\t\"title\": \"Warenkorb\",\n\t\t\t\t\t\t\t\t\t\"total\": \"Zwischensumme\",\n\t\t\t\t\t\t\t\t\t\"empty\": \"Der Warenkorb ist leer. \",\n\t\t\t\t\t\t\t\t\t\"notice\": \"Versandkosten und Steuern werden an der Kasse berechnet.\",\n\t\t\t\t\t\t\t\t\t\"button\": \"Zur Kasse\",\n\t\t\t\t\t\t\t\t\t\"noteDescription\": \"Notiz\",\n\t\t\t\t\t\t\t\t},\n\t\t\t\t\t\t\t},\n\t\t\t\t\t\t\t\"toggle\": {\n\t\t\t\t\t\t\t\t\"styles\": {\n\t\t\t\t\t\t\t\t\t\"toggle\": {\n\t\t\t\t\t\t\t\t\t\t\"font-weight\": \"bold\",\n\t\t\t\t\t\t\t\t\t\t\"background-color\": \"#353464\",\n\t\t\t\t\t\t\t\t\t\t\":hover\": {\n\t\t\t\t\t\t\t\t\t\t\t\"background-color\": \"#5F696D\",\n\t\t\t\t\t\t\t\t\t\t},\n\t\t\t\t\t\t\t\t\t\t\":focus\": {\n\t\t\t\t\t\t\t\t\t\t\t\"background-color\": \"#5F696D\",\n\t\t\t\t\t\t\t\t\t\t},\n\t\t\t\t\t\t\t\t\t},\n\t\t\t\t\t\t\t\t},\n\t\t\t\t\t\t\t},\n\t\t\t\t\t\t},\n\t\t\t\t\t});\n\t\t\t\t});\n\t\t\t}\n\t\t})();\n\t\t\/*]]]]><![CDATA[>*\/\n\t<\/script>\n\n\n\n\n\t<div id=\"metratec-specifications-block_3b9067ed32164476fbfab35b24048359\" class=\"block-metratec-specifications\">\n\t\t<h2>Spezifikationen<\/h2>\n\t\t<figure class=\"wp-block-table product-specs has-small-font-size\">\n\t\t\t<table>\n\t\t\t\t<tbody>\n\t\t\t\t\t\t\t\t\t\t\t\t\t\t\t\t\t\t\t\t\n\t\t\t\t\t<tr class=\"product-spec\">\n\t\t\t\t\t\t<td class=\"has-width-30 product-spec\">Operating Principle<\/td>\n\t\t\t\t\t\t<td class=\"has-width-70 product-value\">Industrieller Long-Range HF RFID Reader\/Writer<\/td>\n\t\t\t\t\t<\/tr>\n\t\t\t\t\t\t\t\t\t\t\t\t\t\t\t\t\t\t\t\t\n\t\t\t\t\t<tr class=\"product-spec\">\n\t\t\t\t\t\t<td class=\"has-width-30 product-spec\">Operating Frequency<\/td>\n\t\t\t\t\t\t<td class=\"has-width-70 product-value\">13,56 MHz (weltweit)<\/td>\n\t\t\t\t\t<\/tr>\n\t\t\t\t\t\t\t\t\t\t\t\t\t\t\t\t\t\t\t\t\n\t\t\t\t\t<tr class=\"product-spec\">\n\t\t\t\t\t\t<td class=\"has-width-30 product-spec\">Supported Protocols<\/td>\n\t\t\t\t\t\t<td class=\"has-width-70 product-value\">ISO15693<\/td>\n\t\t\t\t\t<\/tr>\n\t\t\t\t\t\t\t\t\t\t\t\t\t\t\t\t\t\t\t\t\n\t\t\t\t\t<tr class=\"product-spec\">\n\t\t\t\t\t\t<td class=\"has-width-30 product-spec\">Output Power<\/td>\n\t\t\t\t\t\t<td class=\"has-width-70 product-value\">max. 4 W (36 dBm)<\/td>\n\t\t\t\t\t<\/tr>\n\t\t\t\t\t\t\t\t\t\t\t\t\t\t\t\t\t\t\t\t\n\t\t\t\t\t<tr class=\"product-spec\">\n\t\t\t\t\t\t<td class=\"has-width-30 product-spec\">Read Range<\/td>\n\t\t\t\t\t\t<td class=\"has-width-70 product-value\">bis zu 60 cm<\/td>\n\t\t\t\t\t<\/tr>\n\t\t\t\t\t\t\t\t\t\t\t\t\t\t\t\t\t\t\t\t\n\t\t\t\t\t<tr class=\"product-spec\">\n\t\t\t\t\t\t<td class=\"has-width-30 product-spec\">Antenna Connector<\/td>\n\t\t\t\t\t\t<td class=\"has-width-70 product-value\">BNC, 50 Ohm<\/td>\n\t\t\t\t\t<\/tr>\n\t\t\t\t\t\t\t\t\t\t\t\t\t\t\t\t\t\t\t\t\n\t\t\t\t\t<tr class=\"product-spec\">\n\t\t\t\t\t\t<td class=\"has-width-30 product-spec\">Operating Voltage<\/td>\n\t\t\t\t\t\t<td class=\"has-width-70 product-value\">24V DC (\u00b1 10%)<\/td>\n\t\t\t\t\t<\/tr>\n\t\t\t\t\t\t\t\t\t\t\t\t\t\t\t\t\t\t\t\t\n\t\t\t\t\t<tr class=\"product-spec\">\n\t\t\t\t\t\t<td class=\"has-width-30 product-spec\">Power Consumption<\/td>\n\t\t\t\t\t\t<td class=\"has-width-70 product-value\">bis zu 400 mA<\/td>\n\t\t\t\t\t<\/tr>\n\t\t\t\t\t\t\t\t\t\t\t\t\t\t\t\t\t\t\t\t\n\t\t\t\t\t<tr class=\"product-spec\">\n\t\t\t\t\t\t<td class=\"has-width-30 product-spec\">Connectivity<\/td>\n\t\t\t\t\t\t<td class=\"has-width-70 product-value\">Ethernet, USB (Typ B)<\/td>\n\t\t\t\t\t<\/tr>\n\t\t\t\t\t\t\t\t\t\t\t\t\t\t\t\t\t\t\t\t\n\t\t\t\t\t<tr class=\"product-spec\">\n\t\t\t\t\t\t<td class=\"has-width-30 product-spec\">Inputs\/Outputs<\/td>\n\t\t\t\t\t\t<td class=\"has-width-70 product-value\">4x 24V Ausg\u00e4nge, 2x optisch isolierte Eing\u00e4nge<\/td>\n\t\t\t\t\t<\/tr>\n\t\t\t\t\t\t\t\t\t\t\t\t\t\t\t\t\t\t\t\t\n\t\t\t\t\t<tr class=\"product-spec\">\n\t\t\t\t\t\t<td class=\"has-width-30 product-spec\">Temperature Range<\/td>\n\t\t\t\t\t\t<td class=\"has-width-70 product-value\">-20 \u00b0C bis +70 \u00b0C<\/td>\n\t\t\t\t\t<\/tr>\n\t\t\t\t\t\t\t\t\t\t\t\t\t\t\t\t\t\t\t\t\n\t\t\t\t\t<tr class=\"product-spec\">\n\t\t\t\t\t\t<td class=\"has-width-30 product-spec\">Dimensions<\/td>\n\t\t\t\t\t\t<td class=\"has-width-70 product-value\">190 x 205 x 65 mm<\/td>\n\t\t\t\t\t<\/tr>\n\t\t\t\t\t\t\t\t\t\t\t\t\t\t\t\t\t\t\t\t\n\t\t\t\t\t<tr class=\"product-spec\">\n\t\t\t\t\t\t<td class=\"has-width-30 product-spec\">Certifications<\/td>\n\t\t\t\t\t\t<td class=\"has-width-70 product-value\">CE, z.B. ETSI 300 330, FCC (USA) und ISED (Kanada)<\/td>\n\t\t\t\t\t<\/tr>\n\t\t\t\t\t\t\t\t<\/tbody>\n\t\t\t<\/table>\n\t\t<\/figure>\n\t<\/div>\n\n\n\n\n\n\n\t<div id=\"metratec-download-list-block_b37a31c3123ce59168bcc99aec0d1bd4\" class=\"block-metratec-download-list\">\n\t\t\t\t<h2>Dokumentationen und Software<\/h2>\n\t\t<figure class=\"wp-block-table downloads-list has-small-font-size\">\n\t\t\t<table>\n\t\t\t\t<thead>\n\t\t\t\t\t<tr>\n\t\t\t\t\t\t<th>Download<\/th>\n\t\t\t\t\t\t<th class=\"has-text-align-center\">Version<\/th>\n\t\t\t\t\t\t<th class=\"has-text-align-center\">Gr\u00f6\u00dfe<\/th>\n\t\t\t\t\t<\/tr>\n\t\t\t\t<\/thead>\n\t\t\t\t<tbody>\n\n\t\t\t\t\t\t\t\t\t<tr class=\"download-item\">\n\t\t\t\t\t\t<td class=\"download-name\">\n\t\t\t\t\t\t\t<a class=\"direct-url\" href=\"https:\/\/www.metratec.com\/media\/2023\/06\/Docu_QuasarLR_v1-4.pdf\" download>\n\t\t\t\t\t\t\t\t<svg width=\"21\" height=\"48\" viewBox=\"0 0 21 48\" fill=\"none\" xmlns=\"http:\/\/www.w3.org\/2000\/svg\">\n\t\t\t\t\t\t\t\t\t<path d=\"M9.26848 10.3608V29.4569L2.23309 22.4215L0.625 24.0296L10.4745 33.8791L20.5251 24.0296L18.917 22.4215L11.6806 29.4569V10.3608H9.26848Z\" fill=\"black\"\/>\n\t\t\t\t\t\t\t\t\t<path d=\"M20.5251 34.8792H0.625V37.2913H20.5251V34.8792Z\" fill=\"black\"\/>\n\t\t\t\t\t\t\t\t<\/svg>\n\t\t\t\t\t\t\t<\/a>\n\t\t\t\t\t\t\t<a href=\"https:\/\/www.metratec.com\/de\/downloads\/datasheet-quasarlr\/\">\n\t\t\t\t\t\t\t\tDatasheet QuasarLR\t\t\t\t\t\t\t<\/a>\n\t\t\t\t\t\t<\/td>\n\t\t\t\t\t\t<td class=\"download-version has-text-align-center\">1.4<\/td>\n\t\t\t\t\t\t<td class=\"download-size has-text-align-center\">256.63 KB<\/td>\n\t\t\t\t\t<\/tr>\n\t\t\t\t\t\t\t\t\t<tr class=\"download-item\">\n\t\t\t\t\t\t<td class=\"download-name\">\n\t\t\t\t\t\t\t<a class=\"direct-url\" href=\"https:\/\/www.metratec.com\/media\/2023\/06\/ReaderControl2_r020600.zip\" download>\n\t\t\t\t\t\t\t\t<svg width=\"21\" height=\"48\" viewBox=\"0 0 21 48\" fill=\"none\" xmlns=\"http:\/\/www.w3.org\/2000\/svg\">\n\t\t\t\t\t\t\t\t\t<path d=\"M9.26848 10.3608V29.4569L2.23309 22.4215L0.625 24.0296L10.4745 33.8791L20.5251 24.0296L18.917 22.4215L11.6806 29.4569V10.3608H9.26848Z\" fill=\"black\"\/>\n\t\t\t\t\t\t\t\t\t<path d=\"M20.5251 34.8792H0.625V37.2913H20.5251V34.8792Z\" fill=\"black\"\/>\n\t\t\t\t\t\t\t\t<\/svg>\n\t\t\t\t\t\t\t<\/a>\n\t\t\t\t\t\t\t<a href=\"https:\/\/www.metratec.com\/de\/downloads\/reader-control-2-demo-tool-windows\/\">\n\t\t\t\t\t\t\t\tReader Control 2 Demo Tool (Windows)\t\t\t\t\t\t\t<\/a>\n\t\t\t\t\t\t<\/td>\n\t\t\t\t\t\t<td class=\"download-version has-text-align-center\">2.6<\/td>\n\t\t\t\t\t\t<td class=\"download-size has-text-align-center\">236.34 KB<\/td>\n\t\t\t\t\t<\/tr>\n\t\t\t\t\t\t\t\t\t<tr class=\"download-item\">\n\t\t\t\t\t\t<td class=\"download-name\">\n\t\t\t\t\t\t\t<a class=\"direct-url\" href=\"https:\/\/www.metratec.com\/media\/2024\/05\/rfid-sdk-dotnet-r3.3.0.zip\" download>\n\t\t\t\t\t\t\t\t<svg width=\"21\" height=\"48\" viewBox=\"0 0 21 48\" fill=\"none\" xmlns=\"http:\/\/www.w3.org\/2000\/svg\">\n\t\t\t\t\t\t\t\t\t<path d=\"M9.26848 10.3608V29.4569L2.23309 22.4215L0.625 24.0296L10.4745 33.8791L20.5251 24.0296L18.917 22.4215L11.6806 29.4569V10.3608H9.26848Z\" fill=\"black\"\/>\n\t\t\t\t\t\t\t\t\t<path d=\"M20.5251 34.8792H0.625V37.2913H20.5251V34.8792Z\" fill=\"black\"\/>\n\t\t\t\t\t\t\t\t<\/svg>\n\t\t\t\t\t\t\t<\/a>\n\t\t\t\t\t\t\t<a href=\"https:\/\/www.metratec.com\/de\/downloads\/net-dll-for-metratec-devices\/\">\n\t\t\t\t\t\t\t\t.NET DLL f\u00fcr Metratec RFID Ger\u00e4te\t\t\t\t\t\t\t<\/a>\n\t\t\t\t\t\t<\/td>\n\t\t\t\t\t\t<td class=\"download-version has-text-align-center\">3.3.0<\/td>\n\t\t\t\t\t\t<td class=\"download-size has-text-align-center\">563.93 KB<\/td>\n\t\t\t\t\t<\/tr>\n\t\t\t\t\t\t\t\t\t<tr class=\"download-item\">\n\t\t\t\t\t\t<td class=\"download-name\">\n\t\t\t\t\t\t\t<a class=\"direct-url\" href=\"https:\/\/www.metratec.com\/media\/2023\/04\/JAVA_rfid-reader-library-3.5.13.zip\" download>\n\t\t\t\t\t\t\t\t<svg width=\"21\" height=\"48\" viewBox=\"0 0 21 48\" fill=\"none\" xmlns=\"http:\/\/www.w3.org\/2000\/svg\">\n\t\t\t\t\t\t\t\t\t<path d=\"M9.26848 10.3608V29.4569L2.23309 22.4215L0.625 24.0296L10.4745 33.8791L20.5251 24.0296L18.917 22.4215L11.6806 29.4569V10.3608H9.26848Z\" fill=\"black\"\/>\n\t\t\t\t\t\t\t\t\t<path d=\"M20.5251 34.8792H0.625V37.2913H20.5251V34.8792Z\" fill=\"black\"\/>\n\t\t\t\t\t\t\t\t<\/svg>\n\t\t\t\t\t\t\t<\/a>\n\t\t\t\t\t\t\t<a href=\"https:\/\/www.metratec.com\/de\/downloads\/java-bibliothek-fuer-metratec-geraete\/\">\n\t\t\t\t\t\t\t\tJava Bibliothek f\u00fcr Metratec RFID Ger\u00e4te\t\t\t\t\t\t\t<\/a>\n\t\t\t\t\t\t<\/td>\n\t\t\t\t\t\t<td class=\"download-version has-text-align-center\">3.5.13<\/td>\n\t\t\t\t\t\t<td class=\"download-size has-text-align-center\">3.92 MB<\/td>\n\t\t\t\t\t<\/tr>\n\t\t\t\t\t\t\t\t\t<tr class=\"download-item\">\n\t\t\t\t\t\t<td class=\"download-name\">\n\t\t\t\t\t\t\t<a class=\"direct-url\" href=\"\" download>\n\t\t\t\t\t\t\t\t<svg width=\"21\" height=\"48\" viewBox=\"0 0 21 48\" fill=\"none\" xmlns=\"http:\/\/www.w3.org\/2000\/svg\">\n\t\t\t\t\t\t\t\t\t<path d=\"M9.26848 10.3608V29.4569L2.23309 22.4215L0.625 24.0296L10.4745 33.8791L20.5251 24.0296L18.917 22.4215L11.6806 29.4569V10.3608H9.26848Z\" fill=\"black\"\/>\n\t\t\t\t\t\t\t\t\t<path d=\"M20.5251 34.8792H0.625V37.2913H20.5251V34.8792Z\" fill=\"black\"\/>\n\t\t\t\t\t\t\t\t<\/svg>\n\t\t\t\t\t\t\t<\/a>\n\t\t\t\t\t\t\t<a href=\"https:\/\/www.metratec.com\/de\/produkte\/rfid\/rfid-reader\/quasarlr\/\">\n\t\t\t\t\t\t\t\t\t\t\t\t\t\t\t<\/a>\n\t\t\t\t\t\t<\/td>\n\t\t\t\t\t\t<td class=\"download-version has-text-align-center\"><\/td>\n\t\t\t\t\t\t<td class=\"download-size has-text-align-center\">0 bytes<\/td>\n\t\t\t\t\t<\/tr>\n\t\t\t\t\t\t\t\t\t<tr class=\"download-item\">\n\t\t\t\t\t\t<td class=\"download-name\">\n\t\t\t\t\t\t\t<a class=\"direct-url\" href=\"https:\/\/www.metratec.com\/media\/2023\/06\/metraTec_Protocol_Guide_ISO15_V2-Family_0101.pdf\" download>\n\t\t\t\t\t\t\t\t<svg width=\"21\" height=\"48\" viewBox=\"0 0 21 48\" fill=\"none\" xmlns=\"http:\/\/www.w3.org\/2000\/svg\">\n\t\t\t\t\t\t\t\t\t<path d=\"M9.26848 10.3608V29.4569L2.23309 22.4215L0.625 24.0296L10.4745 33.8791L20.5251 24.0296L18.917 22.4215L11.6806 29.4569V10.3608H9.26848Z\" fill=\"black\"\/>\n\t\t\t\t\t\t\t\t\t<path d=\"M20.5251 34.8792H0.625V37.2913H20.5251V34.8792Z\" fill=\"black\"\/>\n\t\t\t\t\t\t\t\t<\/svg>\n\t\t\t\t\t\t\t<\/a>\n\t\t\t\t\t\t\t<a href=\"https:\/\/www.metratec.com\/de\/downloads\/metratec-iso15693-protocol-guide\/\">\n\t\t\t\t\t\t\t\tMetratec ISO15693 Protocol Guide\t\t\t\t\t\t\t<\/a>\n\t\t\t\t\t\t<\/td>\n\t\t\t\t\t\t<td class=\"download-version has-text-align-center\">1.1<\/td>\n\t\t\t\t\t\t<td class=\"download-size has-text-align-center\">771.49 KB<\/td>\n\t\t\t\t\t<\/tr>\n\t\t\t\t\t\t\t\t<\/tbody>\n\t\t\t<\/table>\n\t\t<\/figure>\n\t<\/div>\n\n\n\n\t<div id=\"metratec-related-products-block_6b0b417d669e05320a0c4ab11b42f9f9\" class=\"block-metratec-related-products\">\n\t\t<h2>Weitere Produkte<\/h2>\n\t\t<div class=\"related-products\">\n\t\t\t\t\t\t\t<div class=\"related-product\">\n\t\t\t\t\t<div class=\"product-image\">\n\t\t\t\t\t\t<a class=\"aspect-content has-image-hover\" href=\"https:\/\/www.metratec.com\/de\/produkte\/rfid\/rfid-antennen\/lambda40\/\">\n\t\t\t\t\t\t\t<img loading=\"lazy\" width=\"400\" height=\"295\" src=\"https:\/\/www.metratec.com\/media\/2023\/04\/Lambda-40-1-400x295.png\" class=\"attachment-thumbnail size-thumbnail wp-post-image\" alt=\"Lambda40 HF Rahmen-Antenne\" srcset=\"https:\/\/www.metratec.com\/media\/2023\/04\/Lambda-40-1-400x295.png 400w, https:\/\/www.metratec.com\/media\/2023\/04\/Lambda-40-1-800x591.png 800w, https:\/\/www.metratec.com\/media\/2023\/04\/Lambda-40-1-1600x1181.png 1600w, https:\/\/www.metratec.com\/media\/2023\/04\/Lambda-40-1.png 2024w\" sizes=\"auto, (max-width: 400px) 100vw, 400px\" decoding=\"async\" title=\"\">\t\t\t\t\t\t<\/a>\n\t\t\t\t\t<\/div>\n\t\t\t\t\t<h3 class=\"has-medium-font-size product-title\" >\n\t\t\t\t\t\t<a href=\"https:\/\/www.metratec.com\/de\/produkte\/rfid\/rfid-antennen\/lambda40\/\">Lambda40 HF Rahmen-Antenne<\/a>\n\t\t\t\t\t<\/h3>\n\t\t\t\t<\/div>\n\t\t\t\t\t\t\t<div class=\"related-product\">\n\t\t\t\t\t<div class=\"product-image\">\n\t\t\t\t\t\t<a class=\"aspect-content has-image-hover\" href=\"https:\/\/www.metratec.com\/de\/produkte\/rfid\/rfid-reader\/quasarmx\/\">\n\t\t\t\t\t\t\t<img loading=\"lazy\" width=\"400\" height=\"341\" src=\"https:\/\/www.metratec.com\/media\/2023\/03\/QuasarMX-400x341.png\" class=\"attachment-thumbnail size-thumbnail wp-post-image\" alt=\"QuasarMX antenna side\" srcset=\"https:\/\/www.metratec.com\/media\/2023\/03\/QuasarMX-400x341.png 400w, https:\/\/www.metratec.com\/media\/2023\/03\/QuasarMX-800x683.png 800w, https:\/\/www.metratec.com\/media\/2023\/03\/QuasarMX-1600x1365.png 1600w, https:\/\/www.metratec.com\/media\/2023\/03\/QuasarMX.png 2024w\" sizes=\"auto, (max-width: 400px) 100vw, 400px\" decoding=\"async\" title=\"\">\t\t\t\t\t\t<\/a>\n\t\t\t\t\t<\/div>\n\t\t\t\t\t<h3 class=\"has-medium-font-size product-title\" >\n\t\t\t\t\t\t<a href=\"https:\/\/www.metratec.com\/de\/produkte\/rfid\/rfid-reader\/quasarmx\/\">QuasarMX HF RFID Reader<\/a>\n\t\t\t\t\t<\/h3>\n\t\t\t\t<\/div>\n\t\t\t\t\t<\/div>\n\t<\/div>\n","protected":false},"featured_media":2238,"parent":0,"menu_order":9,"template":"","product_family":[20,21],"specification":[],"class_list":["post-186","product","type-product","status-publish","has-post-thumbnail","hentry","product_family-rfid","product_family-rfid-reader"],"acf":[],"_links":{"self":[{"href":"https:\/\/www.metratec.com\/de\/wp-json\/wp\/v2\/product\/186","targetHints":{"allow":["GET"]}}],"collection":[{"href":"https:\/\/www.metratec.com\/de\/wp-json\/wp\/v2\/product"}],"about":[{"href":"https:\/\/www.metratec.com\/de\/wp-json\/wp\/v2\/types\/product"}],"wp:featuredmedia":[{"embeddable":true,"href":"https:\/\/www.metratec.com\/de\/wp-json\/wp\/v2\/media\/2238"}],"wp:attachment":[{"href":"https:\/\/www.metratec.com\/de\/wp-json\/wp\/v2\/media?parent=186"}],"wp:term":[{"taxonomy":"product_family","embeddable":true,"href":"https:\/\/www.metratec.com\/de\/wp-json\/wp\/v2\/product_family?post=186"},{"taxonomy":"specification","embeddable":true,"href":"https:\/\/www.metratec.com\/de\/wp-json\/wp\/v2\/specification?post=186"}],"curies":[{"name":"wp","href":"https:\/\/api.w.org\/{rel}","templated":true}]}}