{"id":2726,"date":"2023-05-26T15:40:09","date_gmt":"2023-05-26T13:40:09","guid":{"rendered":"https:\/\/wp.metratec.com\/?page_id=2726"},"modified":"2023-06-01T18:53:01","modified_gmt":"2023-06-01T16:53:01","slug":"ultrawideband-uwb","status":"publish","type":"page","link":"https:\/\/www.metratec.com\/de\/technologien\/rtls\/ultrawideband-uwb\/","title":{"rendered":"Ultrawideband (UWB)"},"content":{"rendered":"\n<h2 class=\"wp-block-heading\">Tracking-L\u00f6sungen mit h\u00f6chster Pr\u00e4zision<\/h2>\n\n\n\n<p>Das Ultra-Breitband Indoor-Positioning-System von Metratec (UWB) nutzt Funkwellen mit kurzer Reichweite im Frequenzbereich von 5-7 GHz, um eine sehr genaue Positionierung und Verfolgung von Objekten oder Personen in Innen- und Au\u00dfenr\u00e4umen in Echtzeit zu erm\u00f6glichen. Metratec UWB-System bietet eine extrem hohe Ortungsgenauigkeit von wenigen Zentimetern.<br><br>Unser UWB System ist kompatibel mit dem klassischen IPS. So lassen sich Anwendungen einfach skalieren und passgenau auf die individuellen Anforderungen anpassen, um gro\u00df angelegte Eins\u00e4tze mit Tausenden von verfolgten Objekten oder Personen zu unterst\u00fctzen.<br><br>Das Metratec UWB findet Anwendung in Fertigung, Logistik, Gesundheitswesen, Einzelhandel und Sport. Es wird im Bereich von Asset Tracking, Bestandsverwaltung, Personal\u00fcberwachung, Sicherheit, Optimierung von Arbeitsabl\u00e4ufen und zur Verbesserung der betrieblichen Effizienz eingesetzt.<\/p>\n\n\n\n\t<div id=\"metratec-technology-grid-block_c6c3377cfb357fa66dc2ad6ec4456572\" class=\"block-metratec-technology-grid container\">\n\t\t<div class=\"technology-grid-row has-full-width has-padding has-color-blue\">\n\t\t\t<div class=\"column-technologies\">\n\t\t\t\t<h2 class=\"has-large-font-size\">Echtzeitortung \/ RTLS<\/h2>\n\n\t\t\t\t\t\t\t\t\t<div class=\"technology-items\">\n\t\t\t\t\t\t\t\t\t\t\t\t\t<div class=\"technology has-text-align-center\">\n\t\t\t\t\t\t\t\t\t\t\t\t\t\t\t\t\t<div class=\"technology-image\">\n\t\t\t\t\t\t\t\t\t\t\t\t\t\t\t\t\t\t\t\t\t<a href=\"https:\/\/www.metratec.com\/de\/technologien\/rtls\/praesenzerkennung-ips\/\" class=\"aspect-content has-image-hover\">\n\t\t\t\t\t\t\t\t\t\t\t\t<img decoding=\"async\" src=\"https:\/\/www.metratec.com\/media\/2023\/03\/ips-1.svg\" alt=\"Pr\u00e4senzerkennung (IPS)\" width=\"800\" height=\"1200\" loading=\"lazy\" title=\"\">\n\t\t\t\t\t\t\t\t\t\t\t<\/a>\n\t\t\t\t\t\t\t\t\t\t\t\t\t\t\t\t\t\t\t<\/div>\n\t\t\t\t\t\t\t\t\n\t\t\t\t\t\t\t\t\t\t\t\t\t\t\t\t\t<h3 class=\"technology-title has-medium-font-size\">\n\t\t\t\t\t\t\t\t\t\t<a href=\"https:\/\/www.metratec.com\/de\/technologien\/rtls\/praesenzerkennung-ips\/\">\n\t\t\t\t\t\t\t\t\t\t\t<svg data-name=\"Layer 1\" width=\"16\" height=\"16\" viewBox=\"0 0 512 512\" xmlns=\"http:\/\/www.w3.org\/2000\/svg\"><path d=\"M478 256 302 432l-21.21-21.2L420.6 271H34v-30h386.6L280.75 101.16 302 80Z\" fill=\"#1D1D1B\"\/><\/svg>Pr\u00e4senzerkennung (IPS)\t\t\t\t\t\t\t\t\t\t<\/a>\n\t\t\t\t\t\t\t\t\t<\/h3>\n\t\t\t\t\t\t\t\t\n\t\t\t\t\t\t\t\t\t\t\t\t\t\t\t\t\t<div class=\"technology-description has-small-font-size\">Erkennung von Objekten und Personen in Zonen f\u00fcr kostenoptimierte Lokalisierung<\/div>\n\t\t\t\t\t\t\t\t\t\t\t\t\t\t\t<\/div>\n\t\t\t\t\t\t\t\t\t\t\t\t\t<div class=\"technology has-text-align-center\">\n\t\t\t\t\t\t\t\t\t\t\t\t\t\t\t\t\t<div class=\"technology-image\">\n\t\t\t\t\t\t\t\t\t\t\t\t\t\t\t\t\t\t\t\t\t<a href=\"https:\/\/www.metratec.com\/de\/technologien\/rtls\/ultrawideband-uwb\/\" class=\"aspect-content has-image-hover\">\n\t\t\t\t\t\t\t\t\t\t\t\t<img decoding=\"async\" src=\"https:\/\/www.metratec.com\/media\/2023\/03\/uwb-2.svg\" alt=\"Ultrawideband (UWB)\" width=\"800\" height=\"1200\" loading=\"lazy\" title=\"\">\n\t\t\t\t\t\t\t\t\t\t\t<\/a>\n\t\t\t\t\t\t\t\t\t\t\t\t\t\t\t\t\t\t\t<\/div>\n\t\t\t\t\t\t\t\t\n\t\t\t\t\t\t\t\t\t\t\t\t\t\t\t\t\t<h3 class=\"technology-title has-medium-font-size\">\n\t\t\t\t\t\t\t\t\t\t<a href=\"https:\/\/www.metratec.com\/de\/technologien\/rtls\/ultrawideband-uwb\/\">\n\t\t\t\t\t\t\t\t\t\t\t<svg data-name=\"Layer 1\" width=\"16\" height=\"16\" viewBox=\"0 0 512 512\" xmlns=\"http:\/\/www.w3.org\/2000\/svg\"><path d=\"M478 256 302 432l-21.21-21.2L420.6 271H34v-30h386.6L280.75 101.16 302 80Z\" fill=\"#1D1D1B\"\/><\/svg>Ultrawideband (UWB)\t\t\t\t\t\t\t\t\t\t<\/a>\n\t\t\t\t\t\t\t\t\t<\/h3>\n\t\t\t\t\t\t\t\t\n\t\t\t\t\t\t\t\t\t\t\t\t\t\t\t\t\t<div class=\"technology-description has-small-font-size\">Sehr genaue Positionsbestimmung \u2028auf +-20cm f\u00fcr h\u00f6chste Anspr\u00fcche<\/div>\n\t\t\t\t\t\t\t\t\t\t\t\t\t\t\t<\/div>\n\t\t\t\t\t\t\t\t\t\t\t\t\t<div class=\"technology has-text-align-center\">\n\t\t\t\t\t\t\t\t\t\t\t\t\t\t\t\t\t<div class=\"technology-image\">\n\t\t\t\t\t\t\t\t\t\t\t\t\t\t\t\t\t\t\t\t\t<a href=\"https:\/\/www.metratec.com\/de\/technologien\/rtls\/winkelmessung-aoa\/\" class=\"aspect-content has-image-hover\">\n\t\t\t\t\t\t\t\t\t\t\t\t<img decoding=\"async\" src=\"https:\/\/www.metratec.com\/media\/2023\/03\/aoa-1.svg\" alt=\"Winkelmessung (AoA)\" width=\"800\" height=\"1200\" loading=\"lazy\" title=\"\">\n\t\t\t\t\t\t\t\t\t\t\t<\/a>\n\t\t\t\t\t\t\t\t\t\t\t\t\t\t\t\t\t\t\t<\/div>\n\t\t\t\t\t\t\t\t\n\t\t\t\t\t\t\t\t\t\t\t\t\t\t\t\t\t<h3 class=\"technology-title has-medium-font-size\">\n\t\t\t\t\t\t\t\t\t\t<a href=\"https:\/\/www.metratec.com\/de\/technologien\/rtls\/winkelmessung-aoa\/\">\n\t\t\t\t\t\t\t\t\t\t\t<svg data-name=\"Layer 1\" width=\"16\" height=\"16\" viewBox=\"0 0 512 512\" xmlns=\"http:\/\/www.w3.org\/2000\/svg\"><path d=\"M478 256 302 432l-21.21-21.2L420.6 271H34v-30h386.6L280.75 101.16 302 80Z\" fill=\"#1D1D1B\"\/><\/svg>Winkelmessung (AoA)\t\t\t\t\t\t\t\t\t\t<\/a>\n\t\t\t\t\t\t\t\t\t<\/h3>\n\t\t\t\t\t\t\t\t\n\t\t\t\t\t\t\t\t\t\t\t\t\t\t\t\t\t<div class=\"technology-description has-small-font-size\">Kombination aus Ortungsgenauigkeit und Systemkosten mit Winkelmessung<\/div>\n\t\t\t\t\t\t\t\t\t\t\t\t\t\t\t<\/div>\n\t\t\t\t\t\t\t\t\t\t\t<\/div>\n\t\t\t\t\t\t\t<\/div>\n\n\t\t\t<div class=\"column-applications\">\n\t\t\t\t<h2 class=\"has-large-font-size\">Einsatzfelder<\/h2>\n\n\t\t\t\t\t\t\t\t\t<div class=\"application-items\">\n\t\t\t\t\t\t\t\t\t\t\t\t\t<div class=\"application has-text-align-center\">\n\t\t\t\t\t\t\t\t\t\t\t\t\t\t\t\t\t<div class=\"application-image\">\n\t\t\t\t\t\t\t\t\t\t\t\t\t\t\t\t\t\t\t\t\t<a href=\"https:\/\/www.metratec.com\/de\/einsatzfelder\/rtls\/personensicherheit\/\" class=\"aspect-content has-image-hover\">\n\t\t\t\t\t\t\t\t\t\t\t\t<img decoding=\"async\" src=\"https:\/\/www.metratec.com\/media\/2023\/03\/personensicherheit.svg\" alt=\"Personensicherheit\" width=\"800\" height=\"1200\" loading=\"lazy\" title=\"\">\n\t\t\t\t\t\t\t\t\t\t\t<\/a>\n\t\t\t\t\t\t\t\t\t\t\t\t\t\t\t\t\t\t\t<\/div>\n\t\t\t\t\t\t\t\t\n\t\t\t\t\t\t\t\t\t\t\t\t\t\t\t\t\t<p class=\"application-title has-small-font-size\">\n\t\t\t\t\t\t\t\t\t\t<a href=\"https:\/\/www.metratec.com\/de\/einsatzfelder\/rtls\/personensicherheit\/\">Personensicherheit<\/a>\n\t\t\t\t\t\t\t\t\t<\/p>\n\t\t\t\t\t\t\t\t\t\t\t\t\t\t\t<\/div>\n\t\t\t\t\t\t\t\t\t\t\t\t\t<div class=\"application has-text-align-center\">\n\t\t\t\t\t\t\t\t\t\t\t\t\t\t\t\t\t<div class=\"application-image\">\n\t\t\t\t\t\t\t\t\t\t\t\t\t\t\t\t\t\t\t\t\t<a href=\"https:\/\/www.metratec.com\/de\/einsatzfelder\/rtls\/behaeltertracking\/\" class=\"aspect-content has-image-hover\">\n\t\t\t\t\t\t\t\t\t\t\t\t<img decoding=\"async\" src=\"https:\/\/www.metratec.com\/media\/2023\/03\/verleihgeraete.svg\" alt=\"Verleihger\u00e4te\" width=\"800\" height=\"1200\" loading=\"lazy\" title=\"\">\n\t\t\t\t\t\t\t\t\t\t\t<\/a>\n\t\t\t\t\t\t\t\t\t\t\t\t\t\t\t\t\t\t\t<\/div>\n\t\t\t\t\t\t\t\t\n\t\t\t\t\t\t\t\t\t\t\t\t\t\t\t\t\t<p class=\"application-title has-small-font-size\">\n\t\t\t\t\t\t\t\t\t\t<a href=\"https:\/\/www.metratec.com\/de\/einsatzfelder\/rtls\/behaeltertracking\/\">Verleihger\u00e4te<\/a>\n\t\t\t\t\t\t\t\t\t<\/p>\n\t\t\t\t\t\t\t\t\t\t\t\t\t\t\t<\/div>\n\t\t\t\t\t\t\t\t\t\t\t\t\t<div class=\"application has-text-align-center\">\n\t\t\t\t\t\t\t\t\t\t\t\t\t\t\t\t\t<div class=\"application-image\">\n\t\t\t\t\t\t\t\t\t\t\t\t\t\t\t\t\t\t\t\t\t<a href=\"https:\/\/www.metratec.com\/de\/einsatzfelder\/rtls\/behaeltertracking-mit-realtime-lokalisierung-rtls\/\" class=\"aspect-content has-image-hover\">\n\t\t\t\t\t\t\t\t\t\t\t\t<img decoding=\"async\" src=\"https:\/\/www.metratec.com\/media\/2023\/03\/behaeltertracking-14.svg\" alt=\"Beh\u00e4ltertracking\" width=\"800\" height=\"1200\" loading=\"lazy\" title=\"\">\n\t\t\t\t\t\t\t\t\t\t\t<\/a>\n\t\t\t\t\t\t\t\t\t\t\t\t\t\t\t\t\t\t\t<\/div>\n\t\t\t\t\t\t\t\t\n\t\t\t\t\t\t\t\t\t\t\t\t\t\t\t\t\t<p class=\"application-title has-small-font-size\">\n\t\t\t\t\t\t\t\t\t\t<a href=\"https:\/\/www.metratec.com\/de\/einsatzfelder\/rtls\/behaeltertracking-mit-realtime-lokalisierung-rtls\/\">Beh\u00e4ltertracking<\/a>\n\t\t\t\t\t\t\t\t\t<\/p>\n\t\t\t\t\t\t\t\t\t\t\t\t\t\t\t<\/div>\n\t\t\t\t\t\t\t\t\t\t\t\t\t<div class=\"application has-text-align-center\">\n\t\t\t\t\t\t\t\t\t\t\t\t\t\t\t\t\t<div class=\"application-image\">\n\t\t\t\t\t\t\t\t\t\t\t\t\t\t\t\t\t\t\t\t\t<a href=\"https:\/\/www.metratec.com\/de\/einsatzfelder\/rtls\/objekttracking-im-krankenhaus\/\" class=\"aspect-content has-image-hover\">\n\t\t\t\t\t\t\t\t\t\t\t\t<img decoding=\"async\" src=\"https:\/\/www.metratec.com\/media\/2023\/03\/bettentracking.svg\" alt=\"Objekttracking im Krankenhaus\" width=\"800\" height=\"1200\" loading=\"lazy\" title=\"\">\n\t\t\t\t\t\t\t\t\t\t\t<\/a>\n\t\t\t\t\t\t\t\t\t\t\t\t\t\t\t\t\t\t\t<\/div>\n\t\t\t\t\t\t\t\t\n\t\t\t\t\t\t\t\t\t\t\t\t\t\t\t\t\t<p class=\"application-title has-small-font-size\">\n\t\t\t\t\t\t\t\t\t\t<a href=\"https:\/\/www.metratec.com\/de\/einsatzfelder\/rtls\/objekttracking-im-krankenhaus\/\">Objekttracking im Krankenhaus<\/a>\n\t\t\t\t\t\t\t\t\t<\/p>\n\t\t\t\t\t\t\t\t\t\t\t\t\t\t\t<\/div>\n\t\t\t\t\t\t\t\t\t\t\t\t\t<div class=\"application has-text-align-center\">\n\t\t\t\t\t\t\t\t\t\t\t\t\t\t\t\t\t<div class=\"application-image\">\n\t\t\t\t\t\t\t\t\t\t\t\t\t\t\t\t\t\t\t\t\t<a href=\"https:\/\/www.metratec.com\/de\/?page_id=1329\" class=\"aspect-content has-image-hover\">\n\t\t\t\t\t\t\t\t\t\t\t\t<img decoding=\"async\" src=\"https:\/\/www.metratec.com\/media\/2023\/03\/evakuierung-16.svg\" alt=\"Evakuierungssysteme\" width=\"800\" height=\"1200\" loading=\"lazy\" title=\"\">\n\t\t\t\t\t\t\t\t\t\t\t<\/a>\n\t\t\t\t\t\t\t\t\t\t\t\t\t\t\t\t\t\t\t<\/div>\n\t\t\t\t\t\t\t\t\n\t\t\t\t\t\t\t\t\t\t\t\t\t\t\t\t\t<p class=\"application-title has-small-font-size\">\n\t\t\t\t\t\t\t\t\t\t<a href=\"https:\/\/www.metratec.com\/de\/?page_id=1329\">Evakuierungssysteme<\/a>\n\t\t\t\t\t\t\t\t\t<\/p>\n\t\t\t\t\t\t\t\t\t\t\t\t\t\t\t<\/div>\n\t\t\t\t\t\t\t\t\t\t\t\t\t<div class=\"application has-text-align-center\">\n\t\t\t\t\t\t\t\t\t\t\t\t\t\t\t\t\t<div class=\"application-image\">\n\t\t\t\t\t\t\t\t\t\t\t\t\t\t\t\t\t\t\t\t\t<a href=\"https:\/\/www.metratec.com\/de\/einsatzfelder\/rtls\/gaeste-tracking-in-der-gastronomie\/\" class=\"aspect-content has-image-hover\">\n\t\t\t\t\t\t\t\t\t\t\t\t<img decoding=\"async\" src=\"https:\/\/www.metratec.com\/media\/2023\/11\/guest-1.svg\" alt=\"G\u00e4ste-Tracking\" width=\"800\" height=\"800\" loading=\"lazy\" title=\"\">\n\t\t\t\t\t\t\t\t\t\t\t<\/a>\n\t\t\t\t\t\t\t\t\t\t\t\t\t\t\t\t\t\t\t<\/div>\n\t\t\t\t\t\t\t\t\n\t\t\t\t\t\t\t\t\t\t\t\t\t\t\t\t\t<p class=\"application-title has-small-font-size\">\n\t\t\t\t\t\t\t\t\t\t<a href=\"https:\/\/www.metratec.com\/de\/einsatzfelder\/rtls\/gaeste-tracking-in-der-gastronomie\/\">G\u00e4ste-Tracking<\/a>\n\t\t\t\t\t\t\t\t\t<\/p>\n\t\t\t\t\t\t\t\t\t\t\t\t\t\t\t<\/div>\n\t\t\t\t\t\t\t\t\t\t\t<\/div>\n\t\t\t\t\t\t\t<\/div>\n\t\t<\/div>\n\t<\/div>\n\n\n\n\t<div id=\"metratec-products-grid-block_6b1c5f8a5a90232772164e5fef605e0f\" class=\"block-metratec-products-grid\">\n\t\t<div class=\"products-grid-actions\">\n\t\t\t<h2 class=\"products-main-category has-large-font-size\">Produkte f\u00fcr Lokalisierung\/RTLS<\/h2>\n\t\t<\/div>\n\n\t\t\t\t\t<div class=\"product-families\">\n\t\t\t\t\t\t\t\t\t<div class=\"product-family\">\n\t\t\t\t\t\t\t\t\t\t\t\t<div class=\"product-family-image\">\n\t\t\t\t\t\t\t<a class=\"aspect-content has-image-hover\" href=\"https:\/\/www.metratec.com\/de\/produktfamilie\/rtls\/indoor-positionierung\/\">\n\t\t\t\t\t\t\t\t\t\t\t\t\t\t\t\t\t<img decoding=\"async\" src=\"https:\/\/www.metratec.com\/media\/2023\/05\/ips2-2.svg\" alt=\"IPS (Zonen-Ortung)\" title=\"\">\n\t\t\t\t\t\t\t\t\t\t\t\t\t\t\t<\/a>\n\t\t\t\t\t\t<\/div>\n\t\t\t\t\t\t<a class=\"product-family-link\" href=\"https:\/\/www.metratec.com\/de\/produktfamilie\/rtls\/indoor-positionierung\/\">IPS (Zonen-Ortung)<\/a>\n\t\t\t\t\t<\/div>\n\t\t\t\t\t\t\t\t\t<div class=\"product-family\">\n\t\t\t\t\t\t\t\t\t\t\t\t<div class=\"product-family-image\">\n\t\t\t\t\t\t\t<a class=\"aspect-content has-image-hover\" href=\"https:\/\/www.metratec.com\/de\/produktfamilie\/rtls\/uwb-ultrawideband\/\">\n\t\t\t\t\t\t\t\t\t\t\t\t\t\t\t\t\t<img decoding=\"async\" src=\"https:\/\/www.metratec.com\/media\/2023\/05\/ips-4.svg\" alt=\"UWB (Ultrawideband)\" title=\"\">\n\t\t\t\t\t\t\t\t\t\t\t\t\t\t\t<\/a>\n\t\t\t\t\t\t<\/div>\n\t\t\t\t\t\t<a class=\"product-family-link\" href=\"https:\/\/www.metratec.com\/de\/produktfamilie\/rtls\/uwb-ultrawideband\/\">UWB (Ultrawideband)<\/a>\n\t\t\t\t\t<\/div>\n\t\t\t\t\t\t\t\t\t<div class=\"product-family\">\n\t\t\t\t\t\t\t\t\t\t\t\t<div class=\"product-family-image\">\n\t\t\t\t\t\t\t<a class=\"aspect-content has-image-hover\" href=\"https:\/\/www.metratec.com\/de\/produktfamilie\/rtls\/aoa-lokalisierung\/\">\n\t\t\t\t\t\t\t\t\t\t\t\t\t\t\t\t\t<img decoding=\"async\" src=\"https:\/\/www.metratec.com\/wp-content\/themes\/metratec\/public\/img\/logo-icon.svg\" alt=\"AoA (Winkelmessung)\" width=\"150\" height=\"150\" loading=\"lazy\" title=\"\">\n\t\t\t\t\t\t\t\t\t\t\t\t\t\t\t<\/a>\n\t\t\t\t\t\t<\/div>\n\t\t\t\t\t\t<a class=\"product-family-link\" href=\"https:\/\/www.metratec.com\/de\/produktfamilie\/rtls\/aoa-lokalisierung\/\">AoA (Winkelmessung)<\/a>\n\t\t\t\t\t<\/div>\n\t\t\t\t\t\t\t<\/div>\n\t\t\t<\/div>\n","protected":false},"excerpt":{"rendered":"<p>Tracking-L\u00f6sungen mit h\u00f6chster Pr\u00e4zision Das Ultra-Breitband Indoor-Positioning-System von Metratec (UWB) nutzt Funkwellen mit kurzer Reichweite im Frequenzbereich von 5-7 GHz, um eine sehr genaue Positionierung und Verfolgung von Objekten oder Personen in Innen- und Au\u00dfenr\u00e4umen in Echtzeit zu erm\u00f6glichen. Metratec UWB-System bietet eine extrem hohe Ortungsgenauigkeit von wenigen Zentimetern. Unser UWB System ist kompatibel mit [&hellip;]<\/p>\n","protected":false},"author":6,"featured_media":3298,"parent":1509,"menu_order":0,"comment_status":"closed","ping_status":"closed","template":"","meta":{"_acf_changed":false,"inline_featured_image":false,"footnotes":""},"class_list":["post-2726","page","type-page","status-publish","has-post-thumbnail","hentry"],"acf":[],"_links":{"self":[{"href":"https:\/\/www.metratec.com\/de\/wp-json\/wp\/v2\/pages\/2726","targetHints":{"allow":["GET"]}}],"collection":[{"href":"https:\/\/www.metratec.com\/de\/wp-json\/wp\/v2\/pages"}],"about":[{"href":"https:\/\/www.metratec.com\/de\/wp-json\/wp\/v2\/types\/page"}],"author":[{"embeddable":true,"href":"https:\/\/www.metratec.com\/de\/wp-json\/wp\/v2\/users\/6"}],"replies":[{"embeddable":true,"href":"https:\/\/www.metratec.com\/de\/wp-json\/wp\/v2\/comments?post=2726"}],"version-history":[{"count":0,"href":"https:\/\/www.metratec.com\/de\/wp-json\/wp\/v2\/pages\/2726\/revisions"}],"up":[{"embeddable":true,"href":"https:\/\/www.metratec.com\/de\/wp-json\/wp\/v2\/pages\/1509"}],"wp:featuredmedia":[{"embeddable":true,"href":"https:\/\/www.metratec.com\/de\/wp-json\/wp\/v2\/media\/3298"}],"wp:attachment":[{"href":"https:\/\/www.metratec.com\/de\/wp-json\/wp\/v2\/media?parent=2726"}],"curies":[{"name":"wp","href":"https:\/\/api.w.org\/{rel}","templated":true}]}}