{"id":22,"date":"2023-02-15T13:57:08","date_gmt":"2023-02-15T12:57:08","guid":{"rendered":"http:\/\/wp.metratec.com\/?page_id=22"},"modified":"2025-11-25T15:53:45","modified_gmt":"2025-11-25T14:53:45","slug":"impressum","status":"publish","type":"page","link":"https:\/\/www.metratec.com\/de\/unternehmen\/impressum\/","title":{"rendered":"Impressum"},"content":{"rendered":"\n<h1 class=\"wp-block-heading\">Impressum<\/h1>\n\n\n\n<p><em>Verantwortlich f\u00fcr den Inhalt dieser Webseite:<\/em><\/p>\n\n\n\n<p><strong>Metratec GmbH<\/strong><br>Niels-Bohr-Str. 5<br>39106 Magdeburg<\/p>\n\n\n\n<p>Tel: 0391 25 19 06 &#8211; 00<\/p>\n\n\n\n<p>Gesch\u00e4ftsf\u00fchrung:<br>Dipl.-Kfm. Klaas<br>Dannen Dr.-Ing. Frank Steyer<\/p>\n\n\n\n<p><em>Eintragen beim:<\/em><br>HRB 114 987 Handelsregister Stendal<br>USt-ID: DE 814 527 239<\/p>\n\n\n\n<p>info@metratec.com<\/p>\n\n\n\n<h2 class=\"wp-block-heading\">Copyright\/Disclaimer<\/h2>\n\n\n\n<p>Die Inhalte und Werke auf diesen Seiten unterliegen dem deutschen Urheberrecht. Die Vervielf\u00e4ltigung, Bearbeitung, Verbreitung und jede Art der Verwertung au\u00dferhalb der Grenzen des Urheberrechts bed\u00fcrfen der schriftlichen Zustimmung der metraTec GmbH. Downloads und Kopien dieser Seiten sind nur f\u00fcr den privaten, nicht kommerziellen Gebrauch gestattet.<\/p>\n\n\n\n<p>\u201emetraTec\u201c ist eine eingetragene Marke der metraTec GmbH.<\/p>\n\n\n\n<p>Diese Website wurde mit gr\u00f6\u00dfter Sorgfalt erstellt und wird regelm\u00e4\u00dfig auf ihren Inhalt \u00fcberpr\u00fcft. Dennoch kann keine Gew\u00e4hr f\u00fcr die Aktualit\u00e4t der Informationen auf dieser Website \u00fcbernommen werden. Insbesondere technische Angaben auf dieser Website k\u00f6nnen sich \u00e4ndern, ohne dass die entsprechenden Informationen aktualisiert werden. Alle Produktbrosch\u00fcren, Datenbl\u00e4tter usw. stellen daher keine verbindliche Zusicherung f\u00fcr die tats\u00e4chliche Funktionsweise der Produkte dar. Alle Daten, die Nutzung dieser Website sowie damit verbundene Aktivit\u00e4ten unterliegen deutschem Recht, Gerichtsstand ist Magdeburg.<\/p>\n","protected":false},"excerpt":{"rendered":"<p>Impressum Verantwortlich f\u00fcr den Inhalt dieser Webseite: Metratec GmbHNiels-Bohr-Str. 539106 Magdeburg Tel: 0391 25 19 06 &#8211; 00 Gesch\u00e4ftsf\u00fchrung:Dipl.-Kfm. KlaasDannen Dr.-Ing. Frank Steyer Eintragen beim:HRB 114 987 Handelsregister StendalUSt-ID: DE 814 527 239 info@metratec.com Copyright\/Disclaimer Die Inhalte und Werke auf diesen Seiten unterliegen dem deutschen Urheberrecht. Die Vervielf\u00e4ltigung, Bearbeitung, Verbreitung und jede Art der Verwertung [&hellip;]<\/p>\n","protected":false},"author":6,"featured_media":0,"parent":1504,"menu_order":0,"comment_status":"closed","ping_status":"closed","template":"","meta":{"_acf_changed":false,"inline_featured_image":false,"footnotes":""},"class_list":["post-22","page","type-page","status-publish","hentry"],"acf":[],"_links":{"self":[{"href":"https:\/\/www.metratec.com\/de\/wp-json\/wp\/v2\/pages\/22","targetHints":{"allow":["GET"]}}],"collection":[{"href":"https:\/\/www.metratec.com\/de\/wp-json\/wp\/v2\/pages"}],"about":[{"href":"https:\/\/www.metratec.com\/de\/wp-json\/wp\/v2\/types\/page"}],"author":[{"embeddable":true,"href":"https:\/\/www.metratec.com\/de\/wp-json\/wp\/v2\/users\/6"}],"replies":[{"embeddable":true,"href":"https:\/\/www.metratec.com\/de\/wp-json\/wp\/v2\/comments?post=22"}],"version-history":[{"count":3,"href":"https:\/\/www.metratec.com\/de\/wp-json\/wp\/v2\/pages\/22\/revisions"}],"predecessor-version":[{"id":5483,"href":"https:\/\/www.metratec.com\/de\/wp-json\/wp\/v2\/pages\/22\/revisions\/5483"}],"up":[{"embeddable":true,"href":"https:\/\/www.metratec.com\/de\/wp-json\/wp\/v2\/pages\/1504"}],"wp:attachment":[{"href":"https:\/\/www.metratec.com\/de\/wp-json\/wp\/v2\/media?parent=22"}],"curies":[{"name":"wp","href":"https:\/\/api.w.org\/{rel}","templated":true}]}}