{"id":1401,"date":"2023-04-24T08:09:03","date_gmt":"2023-04-24T06:09:03","guid":{"rendered":"https:\/\/wp.metratec.com\/?page_id=1401"},"modified":"2023-05-25T17:23:15","modified_gmt":"2023-05-25T15:23:15","slug":"1401-2","status":"publish","type":"page","link":"https:\/\/www.metratec.com\/de\/unternehmen\/forschungsprojekte\/1401-2\/","title":{"rendered":"FAST Secure"},"content":{"rendered":"\n<h2 class=\"wp-block-heading\">FAST Secure<\/h2>\n\n\n\n<p>Sicherheit ist der Schl\u00fcssel f\u00fcr IoT und Industrie 4.0. Viele der verf\u00fcgbaren Sicherheitsl\u00f6sungen f\u00fcr das Internet of Things skalieren schlecht mit der Anzahl der Knoten, haben eine zu gro\u00dfe Latenzzeit oder sind nicht energieeffizient. Die Wartung, Inbetriebnahme und Handhabung solcher L\u00f6sungen ist zudem komplex und statisch.<\/p>\n\n\n\n<p>Ein vielversprechender Ansatz ist, die Sicherheit auf der \u00dcbertragungsschicht zu verbessern, um Sicherheit technologie\u00fcbergreifend und frequenzunabh\u00e4ngig f\u00fcr IoT und Industrie 4.0 L\u00f6sungen herzustellen. Dabei stellen drahtlose Fading-Kan\u00e4le sind Last dar, sondern garantieren unter Verwendung von informationstheoretischen Ergebnissen die \u201cperfekte Sicherheit\u201d. Durch das Prinzip der \u201ephysically uncloneable function\u201c, wie zum Beispiel einem reziproken drahtlosen \u00dcbertragungskanal, kann ein eindeutiger sicherer Schl\u00fcssel zwischen zwei Kommunikationspartnern generiert werden, der abh\u00f6rsicher ist.<\/p>\n\n\n\n<p>Im Foschungsprojekt &#8222;fast secure&#8220; soll gezeigt werden, dass Konzepte &#8222;physical layer security&#8220; auf der \u00dcbertragungsschicht auf heute verf\u00fcgbarer Hardware auch in der Realit\u00e4t implementiert werden k\u00f6nnen. Damit wird f\u00fcr viele Teilprojekte im fast Cluster und dar\u00fcber hinaus die Grundlage f\u00fcr eine sichere und schnelle Kommunikation geschaffen.<\/p>\n\n\n\n<figure class=\"wp-block-image size-full is-resized\"><img loading=\"lazy\" decoding=\"async\" src=\"https:\/\/wp.metratec.com\/media\/2023\/04\/bmbf.webp\" alt=\"\" class=\"wp-image-1367\" width=\"279\" height=\"140\" title=\"\" srcset=\"https:\/\/www.metratec.com\/media\/2023\/04\/bmbf.webp 600w, https:\/\/www.metratec.com\/media\/2023\/04\/bmbf-400x200.webp 400w\" sizes=\"auto, (max-width: 279px) 100vw, 279px\" \/><\/figure>\n","protected":false},"excerpt":{"rendered":"<p>FAST Secure Sicherheit ist der Schl\u00fcssel f\u00fcr IoT und Industrie 4.0. Viele der verf\u00fcgbaren Sicherheitsl\u00f6sungen f\u00fcr das Internet of Things skalieren schlecht mit der Anzahl der Knoten, haben eine zu gro\u00dfe Latenzzeit oder sind nicht energieeffizient. Die Wartung, Inbetriebnahme und Handhabung solcher L\u00f6sungen ist zudem komplex und statisch. Ein vielversprechender Ansatz ist, die Sicherheit auf [&hellip;]<\/p>\n","protected":false},"author":6,"featured_media":0,"parent":1335,"menu_order":0,"comment_status":"closed","ping_status":"closed","template":"","meta":{"_acf_changed":false,"inline_featured_image":false,"footnotes":""},"class_list":["post-1401","page","type-page","status-publish","hentry"],"acf":[],"_links":{"self":[{"href":"https:\/\/www.metratec.com\/de\/wp-json\/wp\/v2\/pages\/1401","targetHints":{"allow":["GET"]}}],"collection":[{"href":"https:\/\/www.metratec.com\/de\/wp-json\/wp\/v2\/pages"}],"about":[{"href":"https:\/\/www.metratec.com\/de\/wp-json\/wp\/v2\/types\/page"}],"author":[{"embeddable":true,"href":"https:\/\/www.metratec.com\/de\/wp-json\/wp\/v2\/users\/6"}],"replies":[{"embeddable":true,"href":"https:\/\/www.metratec.com\/de\/wp-json\/wp\/v2\/comments?post=1401"}],"version-history":[{"count":0,"href":"https:\/\/www.metratec.com\/de\/wp-json\/wp\/v2\/pages\/1401\/revisions"}],"up":[{"embeddable":true,"href":"https:\/\/www.metratec.com\/de\/wp-json\/wp\/v2\/pages\/1335"}],"wp:attachment":[{"href":"https:\/\/www.metratec.com\/de\/wp-json\/wp\/v2\/media?parent=1401"}],"curies":[{"name":"wp","href":"https:\/\/api.w.org\/{rel}","templated":true}]}}